{"id":699,"date":"2023-07-21T08:28:09","date_gmt":"2023-07-21T06:28:09","guid":{"rendered":"https:\/\/lexpoint.es\/?page_id=699"},"modified":"2025-09-05T10:32:18","modified_gmt":"2025-09-05T08:32:18","slug":"politica-de-privacidad","status":"publish","type":"page","link":"https:\/\/lexpoint.es\/es\/politica-de-privacidad\/","title":{"rendered":"Pol\u00edtica de privacidad"},"content":{"rendered":"\t\t<div data-elementor-type=\"wp-page\" data-elementor-id=\"699\" class=\"elementor elementor-699 elementor-87\" data-elementor-post-type=\"page\">\n\t\t\t\t\t\t<section class=\"elementor-section elementor-top-section elementor-element elementor-element-54ec7d5 elementor-section-boxed elementor-section-height-default elementor-section-height-default\" data-id=\"54ec7d5\" data-element_type=\"section\" data-settings=\"{&quot;background_background&quot;:&quot;classic&quot;}\">\n\t\t\t\t\t\t\t<div class=\"elementor-background-overlay\"><\/div>\n\t\t\t\t\t\t\t<div class=\"elementor-container elementor-column-gap-default\">\n\t\t\t\t\t<div class=\"elementor-column elementor-col-100 elementor-top-column elementor-element elementor-element-ff8fdaa\" data-id=\"ff8fdaa\" data-element_type=\"column\">\n\t\t\t<div class=\"elementor-widget-wrap elementor-element-populated\">\n\t\t\t\t\t\t<div class=\"elementor-element elementor-element-ef664a8 elementor-icon-list--layout-inline elementor-align-center elementor-list-item-link-full_width elementor-widget elementor-widget-icon-list\" data-id=\"ef664a8\" data-element_type=\"widget\" data-widget_type=\"icon-list.default\">\n\t\t\t\t<div class=\"elementor-widget-container\">\n\t\t\t\t\t\t\t<ul class=\"elementor-icon-list-items elementor-inline-items\">\n\t\t\t\t\t\t\t<li class=\"elementor-icon-list-item elementor-inline-item\">\n\t\t\t\t\t\t\t\t\t\t\t<a href=\"https:\/\/lexpoint.es\/es\/\">\n\n\t\t\t\t\t\t\t\t\t\t\t<span class=\"elementor-icon-list-text\">Inici<\/span>\n\t\t\t\t\t\t\t\t\t\t\t<\/a>\n\t\t\t\t\t\t\t\t\t<\/li>\n\t\t\t\t\t\t\t\t<li class=\"elementor-icon-list-item elementor-inline-item\">\n\t\t\t\t\t\t\t\t\t\t\t<a href=\"https:\/\/lexpoint.es\/politica-de-privacitat\/\">\n\n\t\t\t\t\t\t\t\t\t\t\t\t<span class=\"elementor-icon-list-icon\">\n\t\t\t\t\t\t\t<i aria-hidden=\"true\" class=\"icon icon-minus\"><\/i>\t\t\t\t\t\t<\/span>\n\t\t\t\t\t\t\t\t\t\t<span class=\"elementor-icon-list-text\">Pol\u00edtica de privacidad<\/span>\n\t\t\t\t\t\t\t\t\t\t\t<\/a>\n\t\t\t\t\t\t\t\t\t<\/li>\n\t\t\t\t\t\t<\/ul>\n\t\t\t\t\t\t<\/div>\n\t\t\t\t<\/div>\n\t\t\t\t<div class=\"elementor-element elementor-element-56f53c8 elementor-widget elementor-widget-heading\" data-id=\"56f53c8\" data-element_type=\"widget\" data-widget_type=\"heading.default\">\n\t\t\t\t<div class=\"elementor-widget-container\">\n\t\t\t\t\t<h1 class=\"elementor-heading-title elementor-size-default\">Pol\u00edtica de privacidad<\/h1>\t\t\t\t<\/div>\n\t\t\t\t<\/div>\n\t\t\t\t\t<\/div>\n\t\t<\/div>\n\t\t\t\t\t<\/div>\n\t\t<\/section>\n\t\t\t\t<section class=\"elementor-section elementor-top-section elementor-element elementor-element-c5bce4e elementor-section-boxed elementor-section-height-default elementor-section-height-default\" data-id=\"c5bce4e\" data-element_type=\"section\">\n\t\t\t\t\t\t<div class=\"elementor-container elementor-column-gap-default\">\n\t\t\t\t\t<div class=\"elementor-column elementor-col-100 elementor-top-column elementor-element elementor-element-1ad44e5\" data-id=\"1ad44e5\" data-element_type=\"column\">\n\t\t\t<div class=\"elementor-widget-wrap elementor-element-populated\">\n\t\t\t\t\t\t<div class=\"elementor-element elementor-element-3becf4c elementor-widget elementor-widget-text-editor\" data-id=\"3becf4c\" data-element_type=\"widget\" data-widget_type=\"text-editor.default\">\n\t\t\t\t<div class=\"elementor-widget-container\">\n\t\t\t\t\t\t\t\t\t<div data-id=\"fb64dc9\" data-element_type=\"widget\" data-widget_type=\"heading.default\"><div><div data-id=\"7c1b7ea\" data-element_type=\"widget\" data-widget_type=\"heading.default\"><div><div data-id=\"fb64dc9\" data-element_type=\"widget\" data-widget_type=\"heading.default\"><div><h2>Judit Clos Creus<\/h2><\/div><\/div><\/div><\/div><div data-id=\"407e7a2\" data-element_type=\"widget\" data-widget_type=\"text-editor.default\"><div><p>Junio 2021<\/p><p>Judit Clos Creus se compromete a proteger la privacidad de los usuarios que accedan a esta web y\/o cualquiera de sus servicios. La utilizaci\u00f3n de la web y\/o de cualquiera de los servicios ofrecidos por Judit Clos Creus implica la aceptaci\u00f3n por el usuario de las disposiciones contenidas en la presente Pol\u00edtica de Privacidad y que sus datos personales sean tratados seg\u00fan se estipula en ella. Por favor, tenga en cuenta que aunque pueda haber enlaces de nuestra web a otras webs, esta Pol\u00edtica de Privacidad no se aplica a las webs de otras compa\u00f1\u00edas u organizaciones a las que la web est\u00e9 redirigida. Judit Clos Creus no controla el contenido de las webs de terceros ni acepta ninguna responsabilidad por el contenido o las pol\u00edticas de privacidad de dichas webs.<\/p><p><b>Informaci\u00f3n sobre el tratamiento de datos (Reglamento (UE) 2016\/679 y LO 3\/2018)<\/b><\/p><table><tbody><tr><td><b>Responsable del tratamiento<\/b><\/td><td><p>Identidad: Judit Clos Creus<\/p><p>NIF: 40594899Z<\/p><p>Direcci\u00f3n: Carrer Nou, 20, 17600 Figueres, Girona<\/p><p>Tel.: 618 444 497<\/p><p>Email: lex@lexpoint.es<\/p><\/td><\/tr><tr><td><b>Finalidad del tratamiento<\/b><\/td><td>Ofrecer y gestionar nuestros servicios inform\u00e1ticos.<\/td><\/tr><tr><td><b>Legitimaci\u00f3n<\/b><\/td><td>De forma general la legitimaci\u00f3n para el tratamiento de los datos se encontrar\u00e1 en el consentimiento obtenido del interesado o en la ejecuci\u00f3n del contrato de servicios.<\/td><\/tr><tr><td><b>Destinatarios<\/b><\/td><td>Los datos no ser\u00e1n comunicados a terceros, salvo que lo exija una ley o sea necesario para cumplir con la finalidad del tratamiento.<\/td><\/tr><tr><td><b>Derechos de las personas<\/b><\/td><td>Los interesados tienen derecho a ejercer los derechos de acceso, rectificaci\u00f3n, limitaci\u00f3n de tratamiento, supresi\u00f3n, portabilidad y oposici\u00f3n, enviando su solicitud a nuestra direcci\u00f3n.<\/td><\/tr><tr><td><b>Plazo de conservaci\u00f3n de los datos<\/b><\/td><td>Mientras se mantenga la relaci\u00f3n comercial o durante los a\u00f1os necesarios para cumplir con las obligaciones legales.<\/td><\/tr><tr><td><b>Reclamaci\u00f3n<\/b><\/td><td>Los interesados pueden dirigirse a la AEPD para presentar la reclamaci\u00f3n que consideren oportuna.<\/td><\/tr><tr><td><b>Informaci\u00f3n adicional<\/b><\/td><td>Puede consultar la informaci\u00f3n adicional y detallada a continuaci\u00f3n en las \u201cCuestiones sobre privacidad\u201d.<\/td><\/tr><\/tbody><\/table><p><b>Cuestiones sobre privacidad<\/b><\/p><p>En cumplimiento del Reglamento (UE) 2016\/679 del Parlamento Europeo y del Consejo, de 27 de abril de 2016 (RGPD) y la Ley Org\u00e1nica 3\/2018, de 5 de diciembre, de Protecci\u00f3n de Datos Personales y garant\u00eda de los derechos digitales (LOPDGDD), le ofrecemos la siguiente informaci\u00f3n sobre el tratamiento de sus datos personales:<\/p><p><b>\u00bfQui\u00e9n es el responsable del tratamiento de sus datos?<\/b><\/p><p>Identidad: Judit Clos Creus<\/p><p>NIF: 40594899Z<\/p><p>Direcci\u00f3n: Carrer Nou, 20, 17600 Figueres, Girona<\/p><p>Tel.: 618 444 497<\/p><p>Email: lex@lexpoint.es<\/p><p><b>\u00bfCon qu\u00e9 finalidad tratamos sus datos personales?<\/b><\/p><ul><li aria-level=\"1\">Tratamos la informaci\u00f3n que se nos facilita para gestionar nuestros servicios inform\u00e1ticos.<\/li><li aria-level=\"1\">En el caso de que se ponga en contacto con nosotros para hacernos una consulta los trataremos para darle respuesta.<\/li><li aria-level=\"1\">Si nos da su consentimiento tambi\u00e9n podremos tratar sus datos para enviarle informaci\u00f3n sobre nuestras actividades, productos o servicios.<\/li><\/ul><p><b>\u00bfPor cu\u00e1nto tiempo conservaremos sus datos?<\/b><\/p><ul><li aria-level=\"1\">Los datos personales proporcionados se conservar\u00e1n mientras sea usuario de nuestros servicios o quiera recibir informaci\u00f3n, dado que puede oponerse al tratamiento de sus datos con fines promocionales en cualquier momento, y despu\u00e9s, durante los plazos establecidos para cumplir con nuestras obligaciones legales, que en el caso de documentaci\u00f3n contable y fiscal a efectos mercantiles ser\u00e1n 6 a\u00f1os, de conformidad con el Art. 30 del C\u00f3digo de Comercio, y a efectos fiscales ser\u00e1n 4 a\u00f1os, de acuerdo con los art\u00edculos 66 a 70 de la Ley General Tributaria.<\/li><\/ul><p><b>\u00bfCu\u00e1l es la legitimaci\u00f3n para el tratamiento de sus datos?<\/b><\/p><p>La legitimaci\u00f3n para tratarlos se encuentra en la ejecuci\u00f3n del contrato de servicios y en los consentimientos que nos da.<\/p><p>Respecto a aquella informaci\u00f3n que sea remitida por menores de 14 a\u00f1os, ser\u00e1 requisito imprescindible que se haga con el consentimiento paterno, del tutor o del representante legal del menor para que los datos personales puedan ser objeto de tratamiento. Si no es as\u00ed, el representante legal del menor nos lo debe comunicar tan pronto como tenga conocimiento.<\/p><p><b>\u00bfA qu\u00e9 destinatarios se comunicar\u00e1n sus datos?<\/b><\/p><p>Los datos no ser\u00e1n comunicados a terceros, salvo que lo exija una ley o sea necesario para cumplir con la finalidad del tratamiento.<\/p><p><b>\u00bfCu\u00e1les son sus derechos cuando nos facilita sus datos?<\/b><\/p><ul><li aria-level=\"1\">Cualquier persona tiene derecho a obtener confirmaci\u00f3n sobre si estamos tratando o no sus datos personales.<\/li><li aria-level=\"1\">Los interesados tienen derecho a acceder a sus datos personales, as\u00ed como a solicitar la rectificaci\u00f3n de los datos inexactos o, en su caso, solicitar su supresi\u00f3n cuando, entre otros motivos, los datos ya no sean necesarios para las finalidades para las que se recogieron.<\/li><li aria-level=\"1\">En determinadas circunstancias los interesados podr\u00e1n solicitar la limitaci\u00f3n del tratamiento de sus datos, en cuyo caso \u00fanicamente los conservaremos para el ejercicio o la defensa de reclamaciones.<\/li><li aria-level=\"1\">Asimismo, en determinadas circunstancias y por motivos relacionados con su situaci\u00f3n particular, los interesados pueden oponerse al tratamiento de sus datos. En este caso dejaremos de tratarlos, salvo por motivos leg\u00edtimos imperiosos o para el ejercicio o la defensa de posibles reclamaciones.<\/li><li aria-level=\"1\">Los interesados tambi\u00e9n tienen derecho a la portabilidad de sus datos.<\/li><li aria-level=\"1\">Cualquier interesado tiene derecho a no ser objeto de una decisi\u00f3n basada \u00fanicamente en el tratamiento automatizado, incluida la elaboraci\u00f3n de perfiles, que produzca efectos jur\u00eddicos que le afecten o que le afecten significativamente de manera similar.<\/li><li aria-level=\"1\">Finalmente, los interesados tienen derecho a presentar una reclamaci\u00f3n ante la Autoridad de Control competente.<\/li><\/ul><p><b>\u00bfC\u00f3mo puede ejercer sus derechos? <\/b><\/p><p>Envi\u00e1ndonos un escrito adjuntando una copia de un documento que lo identifique, a nuestra direcci\u00f3n f\u00edsica o electr\u00f3nica.<\/p><p><b>\u00bfC\u00f3mo hemos obtenido sus datos?<\/b><\/p><p>Los datos personales que tratamos proceden del propio interesado, quien garantiza que los datos personales facilitados son ciertos y se responsabiliza de comunicar cualquier modificaci\u00f3n. Los datos que est\u00e9n marcados con un asterisco son obligatorios para poder darle el servicio solicitado.<\/p><p><b>\u00bfQu\u00e9 datos tratamos?<\/b><\/p><p>Las categor\u00edas de datos que podemos tratar son:<\/p><ul><li aria-level=\"1\">Datos de car\u00e1cter identificativo<\/li><li aria-level=\"1\">Direcciones postales o electr\u00f3nicas<\/li><li aria-level=\"1\">Datos de representantes legales de personas jur\u00eddicas<\/li><\/ul><p>Los datos son limitados, dado que \u00fanicamente tratamos los datos necesarios para la prestaci\u00f3n de nuestros servicios y la gesti\u00f3n de nuestra actividad.<\/p><p><b>\u00bfRealizamos transferencias internacionales de datos?<\/b><\/p><p>En la prestaci\u00f3n de nuestros servicios nos valemos de empresas auxiliares que tratan datos por nuestra cuenta fuera de la Uni\u00f3n Europea. Estas transmisiones internacionales de datos est\u00e1n amparadas en las Cl\u00e1usulas contractuales tipo de protecci\u00f3n de datos adoptadas por la Comisi\u00f3n Europea, de conformidad con el procedimiento de examen al que se refiere el art\u00edculo 93, apartado 2 del RGPD.<\/p><p><b>\u00bfUtilizamos cookies?<\/b><\/p><p>Utilizamos cookies durante la navegaci\u00f3n en nuestra web con el consentimiento del usuario.<\/p><p>El usuario puede configurar su navegador para que le avise de la utilizaci\u00f3n de cookies y para evitar su uso. Por favor, visite nuestra pol\u00edtica de cookies.<\/p><p><b>\u00bfQu\u00e9 medidas de seguridad aplicamos?<\/b><\/p><p>Aplicamos las medidas de seguridad establecidas en el art\u00edculo 32 del RGPD, por lo tanto hemos adoptado las medidas de seguridad necesarias para garantizar un nivel de seguridad adecuado al riesgo del tratamiento de datos que realizamos, con mecanismos que nos permiten garantizar la confidencialidad, integridad, disponibilidad y resiliencia permanente de los sistemas y servicios de tratamiento.<\/p><p>Algunas de estas medidas son:<\/p><ul><li aria-level=\"1\">Informaci\u00f3n de las pol\u00edticas de tratamiento de datos al personal.<\/li><li aria-level=\"1\">Realizaci\u00f3n de copias de seguridad peri\u00f3dicas.<\/li><li aria-level=\"1\">Control de acceso a los datos.<\/li><li aria-level=\"1\">Procesos de verificaci\u00f3n, evaluaci\u00f3n y valoraci\u00f3n regulares.<\/li><\/ul><p><b>\u00bfC\u00f3mo tratamos los datos por cuenta de terceros?<\/b><\/p><p>Cuando en la prestaci\u00f3n de nuestros servicios debamos tratar datos de car\u00e1cter personal de los que otras entidades sean responsables, lo haremos en calidad de encargados del tratamiento, de conformidad con lo establecido en el art\u00edculo 28 del RGPD. Estos tratamientos de datos personales se regular\u00e1n en el correspondiente contrato de tratamiento de datos.<\/p><\/div><\/div><\/div><\/div>\t\t\t\t\t\t\t\t<\/div>\n\t\t\t\t<\/div>\n\t\t\t\t\t<\/div>\n\t\t<\/div>\n\t\t\t\t\t<\/div>\n\t\t<\/section>\n\t\t\t\t<\/div>\n\t\t","protected":false},"excerpt":{"rendered":"<p>Inici Judit Clos Creus Junio 2021 Judit Clos Creus se compromete a proteger la privacidad de los usuarios que accedan a esta web y\/o cualquiera de sus servicios. La utilizaci\u00f3n de la web y\/o de cualquiera de los servicios ofrecidos por Judit Clos Creus implica la aceptaci\u00f3n por el usuario de las disposiciones contenidas en [&hellip;]<\/p>\n","protected":false},"author":2,"featured_media":0,"parent":0,"menu_order":0,"comment_status":"closed","ping_status":"closed","template":"","meta":{"footnotes":""},"class_list":["post-699","page","type-page","status-publish","hentry"],"yoast_head":"<!-- This site is optimized with the Yoast SEO plugin v26.3 - https:\/\/yoast.com\/wordpress\/plugins\/seo\/ -->\n<title>Pol\u00edtica de privacidad - Lex Point Advocats<\/title>\n<meta name=\"robots\" content=\"index, follow, max-snippet:-1, max-image-preview:large, max-video-preview:-1\" \/>\n<link rel=\"canonical\" href=\"https:\/\/lexpoint.es\/es\/politica-de-privacidad\/\" \/>\n<meta property=\"og:locale\" content=\"es_ES\" \/>\n<meta property=\"og:type\" content=\"article\" \/>\n<meta property=\"og:title\" content=\"Pol\u00edtica de privacidad - Lex Point Advocats\" \/>\n<meta property=\"og:description\" content=\"Inici Judit Clos Creus Junio 2021 Judit Clos Creus se compromete a proteger la privacidad de los usuarios que accedan a esta web y\/o cualquiera de sus servicios. La utilizaci\u00f3n de la web y\/o de cualquiera de los servicios ofrecidos por Judit Clos Creus implica la aceptaci\u00f3n por el usuario de las disposiciones contenidas en [&hellip;]\" \/>\n<meta property=\"og:url\" content=\"https:\/\/lexpoint.es\/es\/politica-de-privacidad\/\" \/>\n<meta property=\"og:site_name\" content=\"Lex Point Advocats\" \/>\n<meta property=\"article:modified_time\" content=\"2025-09-05T08:32:18+00:00\" \/>\n<meta name=\"twitter:card\" content=\"summary_large_image\" \/>\n<meta name=\"twitter:label1\" content=\"Tiempo de lectura\" \/>\n\t<meta name=\"twitter:data1\" content=\"7 minutos\" \/>\n<script type=\"application\/ld+json\" class=\"yoast-schema-graph\">{\"@context\":\"https:\/\/schema.org\",\"@graph\":[{\"@type\":\"WebPage\",\"@id\":\"https:\/\/lexpoint.es\/es\/politica-de-privacidad\/\",\"url\":\"https:\/\/lexpoint.es\/es\/politica-de-privacidad\/\",\"name\":\"Pol\u00edtica de privacidad - Lex Point Advocats\",\"isPartOf\":{\"@id\":\"https:\/\/lexpoint.es\/es\/#website\"},\"datePublished\":\"2023-07-21T06:28:09+00:00\",\"dateModified\":\"2025-09-05T08:32:18+00:00\",\"breadcrumb\":{\"@id\":\"https:\/\/lexpoint.es\/es\/politica-de-privacidad\/#breadcrumb\"},\"inLanguage\":\"es\",\"potentialAction\":[{\"@type\":\"ReadAction\",\"target\":[\"https:\/\/lexpoint.es\/es\/politica-de-privacidad\/\"]}]},{\"@type\":\"BreadcrumbList\",\"@id\":\"https:\/\/lexpoint.es\/es\/politica-de-privacidad\/#breadcrumb\",\"itemListElement\":[{\"@type\":\"ListItem\",\"position\":1,\"name\":\"Portada\",\"item\":\"https:\/\/lexpoint.es\/es\/\"},{\"@type\":\"ListItem\",\"position\":2,\"name\":\"Pol\u00edtica de privacidad\"}]},{\"@type\":\"WebSite\",\"@id\":\"https:\/\/lexpoint.es\/es\/#website\",\"url\":\"https:\/\/lexpoint.es\/es\/\",\"name\":\"Lex Point Advocats\",\"description\":\"\",\"potentialAction\":[{\"@type\":\"SearchAction\",\"target\":{\"@type\":\"EntryPoint\",\"urlTemplate\":\"https:\/\/lexpoint.es\/es\/?s={search_term_string}\"},\"query-input\":{\"@type\":\"PropertyValueSpecification\",\"valueRequired\":true,\"valueName\":\"search_term_string\"}}],\"inLanguage\":\"es\"}]}<\/script>\n<!-- \/ Yoast SEO plugin. -->","yoast_head_json":{"title":"Pol\u00edtica de privacidad - Lex Point Advocats","robots":{"index":"index","follow":"follow","max-snippet":"max-snippet:-1","max-image-preview":"max-image-preview:large","max-video-preview":"max-video-preview:-1"},"canonical":"https:\/\/lexpoint.es\/es\/politica-de-privacidad\/","og_locale":"es_ES","og_type":"article","og_title":"Pol\u00edtica de privacidad - Lex Point Advocats","og_description":"Inici Judit Clos Creus Junio 2021 Judit Clos Creus se compromete a proteger la privacidad de los usuarios que accedan a esta web y\/o cualquiera de sus servicios. La utilizaci\u00f3n de la web y\/o de cualquiera de los servicios ofrecidos por Judit Clos Creus implica la aceptaci\u00f3n por el usuario de las disposiciones contenidas en [&hellip;]","og_url":"https:\/\/lexpoint.es\/es\/politica-de-privacidad\/","og_site_name":"Lex Point Advocats","article_modified_time":"2025-09-05T08:32:18+00:00","twitter_card":"summary_large_image","twitter_misc":{"Tiempo de lectura":"7 minutos"},"schema":{"@context":"https:\/\/schema.org","@graph":[{"@type":"WebPage","@id":"https:\/\/lexpoint.es\/es\/politica-de-privacidad\/","url":"https:\/\/lexpoint.es\/es\/politica-de-privacidad\/","name":"Pol\u00edtica de privacidad - Lex Point Advocats","isPartOf":{"@id":"https:\/\/lexpoint.es\/es\/#website"},"datePublished":"2023-07-21T06:28:09+00:00","dateModified":"2025-09-05T08:32:18+00:00","breadcrumb":{"@id":"https:\/\/lexpoint.es\/es\/politica-de-privacidad\/#breadcrumb"},"inLanguage":"es","potentialAction":[{"@type":"ReadAction","target":["https:\/\/lexpoint.es\/es\/politica-de-privacidad\/"]}]},{"@type":"BreadcrumbList","@id":"https:\/\/lexpoint.es\/es\/politica-de-privacidad\/#breadcrumb","itemListElement":[{"@type":"ListItem","position":1,"name":"Portada","item":"https:\/\/lexpoint.es\/es\/"},{"@type":"ListItem","position":2,"name":"Pol\u00edtica de privacidad"}]},{"@type":"WebSite","@id":"https:\/\/lexpoint.es\/es\/#website","url":"https:\/\/lexpoint.es\/es\/","name":"Lex Point Advocats","description":"","potentialAction":[{"@type":"SearchAction","target":{"@type":"EntryPoint","urlTemplate":"https:\/\/lexpoint.es\/es\/?s={search_term_string}"},"query-input":{"@type":"PropertyValueSpecification","valueRequired":true,"valueName":"search_term_string"}}],"inLanguage":"es"}]}},"_links":{"self":[{"href":"https:\/\/lexpoint.es\/es\/wp-json\/wp\/v2\/pages\/699","targetHints":{"allow":["GET"]}}],"collection":[{"href":"https:\/\/lexpoint.es\/es\/wp-json\/wp\/v2\/pages"}],"about":[{"href":"https:\/\/lexpoint.es\/es\/wp-json\/wp\/v2\/types\/page"}],"author":[{"embeddable":true,"href":"https:\/\/lexpoint.es\/es\/wp-json\/wp\/v2\/users\/2"}],"replies":[{"embeddable":true,"href":"https:\/\/lexpoint.es\/es\/wp-json\/wp\/v2\/comments?post=699"}],"version-history":[{"count":9,"href":"https:\/\/lexpoint.es\/es\/wp-json\/wp\/v2\/pages\/699\/revisions"}],"predecessor-version":[{"id":717,"href":"https:\/\/lexpoint.es\/es\/wp-json\/wp\/v2\/pages\/699\/revisions\/717"}],"wp:attachment":[{"href":"https:\/\/lexpoint.es\/es\/wp-json\/wp\/v2\/media?parent=699"}],"curies":[{"name":"wp","href":"https:\/\/api.w.org\/{rel}","templated":true}]}}