{"id":690,"date":"2023-07-21T08:25:22","date_gmt":"2023-07-21T06:25:22","guid":{"rendered":"https:\/\/lexpoint.es\/?page_id=690"},"modified":"2025-09-05T10:31:57","modified_gmt":"2025-09-05T08:31:57","slug":"politica-de-cookies","status":"publish","type":"page","link":"https:\/\/lexpoint.es\/es\/politica-de-cookies\/","title":{"rendered":"Pol\u00edtica de cookies"},"content":{"rendered":"\t\t<div data-elementor-type=\"wp-page\" data-elementor-id=\"690\" class=\"elementor elementor-690 elementor-82\" data-elementor-post-type=\"page\">\n\t\t\t\t\t\t<section class=\"elementor-section elementor-top-section elementor-element elementor-element-c16ad08 elementor-section-boxed elementor-section-height-default elementor-section-height-default\" data-id=\"c16ad08\" data-element_type=\"section\" data-settings=\"{&quot;background_background&quot;:&quot;classic&quot;}\">\n\t\t\t\t\t\t\t<div class=\"elementor-background-overlay\"><\/div>\n\t\t\t\t\t\t\t<div class=\"elementor-container elementor-column-gap-default\">\n\t\t\t\t\t<div class=\"elementor-column elementor-col-100 elementor-top-column elementor-element elementor-element-30c5017\" data-id=\"30c5017\" data-element_type=\"column\">\n\t\t\t<div class=\"elementor-widget-wrap elementor-element-populated\">\n\t\t\t\t\t\t<div class=\"elementor-element elementor-element-563b8b4 elementor-icon-list--layout-inline elementor-align-center elementor-list-item-link-full_width elementor-widget elementor-widget-icon-list\" data-id=\"563b8b4\" data-element_type=\"widget\" data-widget_type=\"icon-list.default\">\n\t\t\t\t<div class=\"elementor-widget-container\">\n\t\t\t\t\t\t\t<ul class=\"elementor-icon-list-items elementor-inline-items\">\n\t\t\t\t\t\t\t<li class=\"elementor-icon-list-item elementor-inline-item\">\n\t\t\t\t\t\t\t\t\t\t\t<a href=\"https:\/\/lexpoint.es\/es\/\">\n\n\t\t\t\t\t\t\t\t\t\t\t<span class=\"elementor-icon-list-text\">Inici<\/span>\n\t\t\t\t\t\t\t\t\t\t\t<\/a>\n\t\t\t\t\t\t\t\t\t<\/li>\n\t\t\t\t\t\t\t\t<li class=\"elementor-icon-list-item elementor-inline-item\">\n\t\t\t\t\t\t\t\t\t\t\t<a href=\"https:\/\/lexpoint.es\/politica-de-cookies\/\">\n\n\t\t\t\t\t\t\t\t\t\t\t\t<span class=\"elementor-icon-list-icon\">\n\t\t\t\t\t\t\t<i aria-hidden=\"true\" class=\"icon icon-minus\"><\/i>\t\t\t\t\t\t<\/span>\n\t\t\t\t\t\t\t\t\t\t<span class=\"elementor-icon-list-text\">Pol\u00edtica de cookies<\/span>\n\t\t\t\t\t\t\t\t\t\t\t<\/a>\n\t\t\t\t\t\t\t\t\t<\/li>\n\t\t\t\t\t\t<\/ul>\n\t\t\t\t\t\t<\/div>\n\t\t\t\t<\/div>\n\t\t\t\t<div class=\"elementor-element elementor-element-71682c2 elementor-widget elementor-widget-heading\" data-id=\"71682c2\" data-element_type=\"widget\" data-widget_type=\"heading.default\">\n\t\t\t\t<div class=\"elementor-widget-container\">\n\t\t\t\t\t<h1 class=\"elementor-heading-title elementor-size-default\">Pol\u00edtica de cookies<\/h1>\t\t\t\t<\/div>\n\t\t\t\t<\/div>\n\t\t\t\t\t<\/div>\n\t\t<\/div>\n\t\t\t\t\t<\/div>\n\t\t<\/section>\n\t\t\t\t<section class=\"elementor-section elementor-top-section elementor-element elementor-element-5b9f8fd elementor-section-boxed elementor-section-height-default elementor-section-height-default\" data-id=\"5b9f8fd\" data-element_type=\"section\">\n\t\t\t\t\t\t<div class=\"elementor-container elementor-column-gap-default\">\n\t\t\t\t\t<div class=\"elementor-column elementor-col-100 elementor-top-column elementor-element elementor-element-8fef5b5\" data-id=\"8fef5b5\" data-element_type=\"column\">\n\t\t\t<div class=\"elementor-widget-wrap elementor-element-populated\">\n\t\t\t\t\t\t<div class=\"elementor-element elementor-element-1ab84df elementor-widget elementor-widget-text-editor\" data-id=\"1ab84df\" data-element_type=\"widget\" data-widget_type=\"text-editor.default\">\n\t\t\t\t<div class=\"elementor-widget-container\">\n\t\t\t\t\t\t\t\t\t<div class=\"elementor-element elementor-element-c99dbc0 elementor-widget elementor-widget-heading\" data-id=\"c99dbc0\" data-element_type=\"widget\" data-widget_type=\"heading.default\"><div class=\"elementor-widget-container\"><div class=\"elementor-element elementor-element-21d4550 elementor-widget elementor-widget-heading\" data-id=\"21d4550\" data-element_type=\"widget\" data-widget_type=\"heading.default\"><div class=\"elementor-widget-container\"><div class=\"elementor-element elementor-element-c99dbc0 elementor-widget elementor-widget-heading\" data-id=\"c99dbc0\" data-element_type=\"widget\" data-widget_type=\"heading.default\"><div class=\"elementor-widget-container\"><h2>Judit Clos Creus<\/h2><\/div><\/div><\/div><\/div><div class=\"elementor-element elementor-element-24ba76c elementor-widget elementor-widget-text-editor\" data-id=\"24ba76c\" data-element_type=\"widget\" data-widget_type=\"text-editor.default\"><div class=\"elementor-widget-container\"><p>Nuestro sitio web utiliza una tecnolog\u00eda llamada \u201ccookie\u201d, con la finalidad de poder obtener informaci\u00f3n sobre el uso del sitio web, mejorar la experiencia del usuario y garantizar su correcto funcionamiento.<\/p><p><b>Definici\u00f3n de Cookie<\/b><\/p><p>Una \u201ccookie\u201d es un peque\u00f1o fragmento de texto que los sitios web env\u00edan al navegador y que se almacenan en el terminal del usuario (ordenador o dispositivo m\u00f3vil). Estos archivos tienen la finalidad de almacenar datos que podr\u00e1n ser actualizados y recuperados por la entidad responsable de su instalaci\u00f3n. As\u00ed, cada vez que el usuario vuelve a visitar el mismo sitio web, el navegador recupera el archivo y lo env\u00eda al servidor del sitio web. Las cookies tienen diversas funciones, entre las que se incluyen recoger informaci\u00f3n sobre las preferencias del usuario y recordarlas, y en general, facilitar el uso del sitio web al usuario haciendo que el sitio sea m\u00e1s \u00fatil al personalizar su contenido.<\/p><p>Las cookies se pueden clasificar en base a diferentes par\u00e1metros:<\/p><p><b>1.- Titularidad:<\/b> cookies propias y cookies de terceros: dependiendo de cu\u00e1l sea la entidad que gestione el dominio desde donde se env\u00edan las cookies y se traten los datos que se obtengan.<\/p><p><b>2.- Duraci\u00f3n:<\/b> cookies de sesi\u00f3n y cookies persistentes: de acuerdo con el tiempo que permanecen almacenadas en el terminal del usuario.<\/p><p><b>3.- Finalidad:<\/b> cookies t\u00e9cnicas, cookies de personalizaci\u00f3n, cookies de an\u00e1lisis, cookies publicitarias, cookies de publicidad comportamental: de acuerdo con la finalidad para la que se traten los datos obtenidos.<\/p><ul><li><b>Cookies t\u00e9cnicas:<\/b> Son aquellas que permiten al usuario la navegaci\u00f3n a trav\u00e9s de la p\u00e1gina web o aplicaci\u00f3n y la utilizaci\u00f3n de las diferentes opciones o servicios que en ella existen. Por ejemplo, controlar el tr\u00e1fico y la comunicaci\u00f3n de datos, identificar la sesi\u00f3n o acceder a las partes web de acceso restringido.<\/li><li><b>Cookies de personalizaci\u00f3n:<\/b> Son aquellas que permiten al usuario acceder al servicio con algunas caracter\u00edsticas de car\u00e1cter general predefinidas en su terminal o que el propio usuario defina. Por ejemplo, el idioma, el tipo de navegador a trav\u00e9s del cual accede al servicio o el dise\u00f1o de contenidos seleccionado.<\/li><li><b>Cookies de an\u00e1lisis:<\/b> Son aquellas que, tratadas por nosotros o por terceros, nos permiten cuantificar el n\u00famero de usuarios y as\u00ed realizar el an\u00e1lisis estad\u00edstico de la utilizaci\u00f3n que hacen los usuarios del servicio ofrecido. Para ello se analiza su navegaci\u00f3n en nuestra p\u00e1gina web con el fin de mejorar la oferta de productos o servicios que le ofrecemos.<\/li><li><b>Cookies publicitarias:<\/b> Son aquellas que permiten la gesti\u00f3n, de la forma m\u00e1s eficaz posible, de los espacios publicitarios que, en su caso, el editor haya incluido en una p\u00e1gina web, aplicaci\u00f3n o plataforma desde la que presta el servicio solicitado sobre la base de criterios como el contenido editado o la frecuencia con la que se muestran los anuncios.<\/li><li><b>Cookies de publicidad comportamental:<\/b> Son aquellas que permiten la gesti\u00f3n, de la manera m\u00e1s eficaz posible, de los espacios publicitarios que, en su caso, el editor haya incluido en una p\u00e1gina web, aplicaci\u00f3n o plataforma desde la que presta el servicio solicitado. Estas cookies almacenan informaci\u00f3n del comportamiento de los usuarios obtenida a trav\u00e9s de la observaci\u00f3n continuada de sus h\u00e1bitos de navegaci\u00f3n, lo que permite desarrollar un perfil espec\u00edfico para mostrar publicidad en funci\u00f3n del mismo.<\/li><\/ul><p><b>Cookies utilizadas en nuestro sitio web<\/b><\/p><p>Nuestro sitio web utiliza tanto cookies propias, que son las enviadas a su ordenador y gestionadas exclusivamente por nosotros para el mejor funcionamiento del sitio web, como cookies de terceros, con la funci\u00f3n de servir para la interacci\u00f3n de los usuarios con nosotros.<\/p><p>Nuestro sitio web hace uso tanto de cookies temporales de sesi\u00f3n como de cookies persistentes. Las cookies de sesi\u00f3n almacenan datos \u00fanicamente mientras el usuario accede a la web y las cookies persistentes almacenan los datos en el terminal para que sean accedidos y utilizados en m\u00e1s de una sesi\u00f3n.<\/p><p>Concretamente, las cookies utilizadas en nuestro sitio web son:<\/p><p><b>Cookies propias:<\/b><\/p><p>Las cookies propias que usamos en nuestro sitio web son de car\u00e1cter t\u00e9cnico referentes a la programaci\u00f3n y la seguridad de la navegaci\u00f3n, fundamentales para el funcionamiento de la web, y tambi\u00e9n de personalizaci\u00f3n para recordar la elecci\u00f3n del idioma de navegaci\u00f3n.<\/p><p><b>Cookies de terceros:<\/b><\/p><table><tbody><tr><td><b>Nombre<\/b><\/td><td><b>Titular<\/b><\/td><td><b>Finalidad<\/b><\/td><td><b>Duraci\u00f3n<\/b><\/td><\/tr><tr><td>_ga<br \/>_gid<br \/>_gat<\/td><td><a href=\"https:\/\/developers.google.com\/analytics\/devguides\/collection\/analyticsjs\/cookie-usage?hl=es\">Google LLC.<\/a> (Google Analytics)<\/td><td><p><b>Anal\u00edticas:<\/b><\/p><ul><li>Generar un identificador de usuario \u00fanico, que es el que se utiliza para hacer recuento de cu\u00e1ntas veces visita el sitio un usuario, as\u00ed como la fecha de la primera y la \u00faltima vez que visit\u00f3 la web.<\/li><li>Registrar la fecha y hora de acceso.<\/li><li>Comprobar la necesidad de mantener la sesi\u00f3n de un usuario abierta o crear una nueva.<\/li><li>Identificar la sesi\u00f3n del usuario, para recoger la ubicaci\u00f3n geogr\u00e1fica aproximada del ordenador que accede a la web con efectos estad\u00edsticos.<\/li><\/ul><\/td><td>_ga: 2 a\u00f1os<br \/>_gid: 24 horas<br \/>_gat: 1 minuto<\/td><\/tr><tr><td>NID<\/td><td><a href=\"https:\/\/www.google.es\/intl\/es\/policies\/technologies\/types\/\">Google LLC.<\/a><\/td><td><ul><li>Almacenan preferencias del usuario<\/li><\/ul><\/td><td>NID: 6 meses<\/td><\/tr><tr><td>IDE<\/td><td><a href=\"https:\/\/www.google.es\/intl\/es\/policies\/technologies\/types\/\">Google LLC.<\/a> (doubleclick.net)<\/td><td><ul><li>Utilizado por Google DoubleClick para registrar las acciones del usuario del sitio web despu\u00e9s de ver o hacer clic en uno de los anuncios del anunciante con la finalidad de medir la eficacia de un anuncio y presentar anuncios dirigidos al usuario.<\/li><\/ul><\/td><td>1 a\u00f1o<\/td><\/tr><tr><td>VISITOR_INFO1_LIVE<br \/>YSC<br \/>CONSENT<\/td><td><a href=\"https:\/\/www.google.es\/intl\/es\/policies\/technologies\/types\/\">Google LLC.<\/a> (YouTube)<\/td><td><ul><li>Almacenar preferencias del usuario, identificarlo durante la visualizaci\u00f3n de los v\u00eddeos de YouTube, y personalizar anuncios.<\/li><\/ul><\/td><td>VISITOR_INFO1_LIVE: 9 meses<br \/>YSC: 1 minuto<br \/>CONSENT: 17 a\u00f1os<\/td><\/tr><\/tbody><\/table><p>Para obtener m\u00e1s informaci\u00f3n sobre las cookies de este tercero puede hacer clic en el enlace que aparece en su nombre.<\/p><p>Finalmente, tambi\u00e9n se utilizan cookies de complemento (plug-in) para intercambiar contenidos sociales.<\/p><p><b>Consentimiento<\/b><\/p><p>El consentimiento para el uso de las cookies antes enunciadas, por los plazos se\u00f1alados y en las condiciones contenidas en la presente Pol\u00edtica de Cookies, se obtendr\u00e1 en la forma especificada en el aviso inicial de informaci\u00f3n sobre las cookies que se puede visualizar en el momento en que carga nuestra web.<\/p><p><b>Retirada del consentimiento<\/b><\/p><p>El usuario podr\u00e1 retirar en cualquier momento su consentimiento relacionado con esta Pol\u00edtica de Cookies, para ello deber\u00e1 eliminar las cookies almacenadas en su equipo utilizando los ajustes y configuraciones de su navegador de Internet.<\/p><p><b>Panel de configuraci\u00f3n de las cookies<\/b><\/p><p><b>\u00bfC\u00f3mo desactivar las cookies en los principales navegadores?<\/b><\/p><p>Aunque puede variar ligeramente de una versi\u00f3n de navegador a otra, la configuraci\u00f3n de la pol\u00edtica de cookies para los navegadores m\u00e1s utilizados es la siguiente:<\/p><ul><li><b>Internet Explorer:<\/b> Herramientas -&gt; Opciones de Internet -&gt; Privacidad -&gt; Configuraci\u00f3n.<\/li><li><b>Firefox:<\/b> Herramientas -&gt; Opciones -&gt; Privacidad -&gt; Historial -&gt; Configuraci\u00f3n Personalizada.<\/li><li><b>Chrome:<\/b> Configuraci\u00f3n -&gt; Mostrar opciones avanzadas -&gt; Privacidad -&gt; Configuraci\u00f3n de contenido.<\/li><li><b>Safari:<\/b> Preferencias -&gt; Seguridad.<\/li><li><b>Opera:<\/b> Configuraci\u00f3n -&gt; Privacidad y seguridad.<\/li><\/ul><p>Para m\u00e1s informaci\u00f3n, puede consultar el soporte o la ayuda de su navegador o a trav\u00e9s de los siguientes enlaces:<br \/><a href=\"https:\/\/support.apple.com\/kb\/ph17191?locale=es_ES\"><b>Safari<\/b><\/a>,<br \/><a href=\"https:\/\/support.google.com\/chrome\/answer\/95647?hl=es\"><b>Chrome<\/b><\/a>,<br \/><a href=\"https:\/\/support.mozilla.org\/es\/kb\/habilitar-y-deshabilitar-cookies-sitios-web-rastrear-preferencias?redirectlocale=es&amp;redirectslug=habilitar-y-deshabilitar-cookies-que-los-sitios-we\"><b>Firefox<\/b><\/a>,<br \/><a href=\"https:\/\/support.microsoft.com\/es-es\/help\/17442\/windows-internet-explorer-delete-manage-cookies\"><b>Explorer<\/b><\/a>,<br \/><a href=\"http:\/\/help.opera.com\/Windows\/11.50\/es-ES\/cookies.html\"><b>Opera<\/b><\/a>.<\/p><p>Adem\u00e1s, tambi\u00e9n puede gestionar el almacenamiento de cookies en su navegador a trav\u00e9s de herramientas como las siguientes:<\/p><ul><li><a href=\"http:\/\/www.youronlinechoices.com\/es\/\"><b>Your Online Choices<\/b><\/a><\/li><li><a href=\"http:\/\/www.ghostery.com\/\"><b>Ghostery<\/b><\/a><\/li><\/ul><p><b>Actualizaci\u00f3n de la pol\u00edtica de cookies<\/b><\/p><p>Este sitio web puede modificar esta Pol\u00edtica sobre Cookies, por lo que le recomendamos revisar esta pol\u00edtica cada vez que acceda a nuestro sitio web con el fin de estar adecuadamente informado sobre el uso que hacemos de las cookies.<\/p><\/div><\/div><\/div><\/div>\t\t\t\t\t\t\t\t<\/div>\n\t\t\t\t<\/div>\n\t\t\t\t\t<\/div>\n\t\t<\/div>\n\t\t\t\t\t<\/div>\n\t\t<\/section>\n\t\t\t\t<\/div>\n\t\t","protected":false},"excerpt":{"rendered":"<p>Inici Judit Clos Creus Nuestro sitio web utiliza una tecnolog\u00eda llamada \u201ccookie\u201d, con la finalidad de poder obtener informaci\u00f3n sobre el uso del sitio web, mejorar la experiencia del usuario y garantizar su correcto funcionamiento. Definici\u00f3n de Cookie Una \u201ccookie\u201d es un peque\u00f1o fragmento de texto que los sitios web env\u00edan al navegador y que [&hellip;]<\/p>\n","protected":false},"author":2,"featured_media":0,"parent":0,"menu_order":0,"comment_status":"closed","ping_status":"closed","template":"","meta":{"footnotes":""},"class_list":["post-690","page","type-page","status-publish","hentry"],"yoast_head":"<!-- This site is optimized with the Yoast SEO plugin v26.3 - https:\/\/yoast.com\/wordpress\/plugins\/seo\/ -->\n<title>Pol\u00edtica de cookies - Lex Point Advocats<\/title>\n<meta name=\"robots\" content=\"index, follow, max-snippet:-1, max-image-preview:large, max-video-preview:-1\" \/>\n<link rel=\"canonical\" href=\"https:\/\/lexpoint.es\/es\/politica-de-cookies\/\" \/>\n<meta property=\"og:locale\" content=\"es_ES\" \/>\n<meta property=\"og:type\" content=\"article\" \/>\n<meta property=\"og:title\" content=\"Pol\u00edtica de cookies - Lex Point Advocats\" \/>\n<meta property=\"og:description\" content=\"Inici Judit Clos Creus Nuestro sitio web utiliza una tecnolog\u00eda llamada \u201ccookie\u201d, con la finalidad de poder obtener informaci\u00f3n sobre el uso del sitio web, mejorar la experiencia del usuario y garantizar su correcto funcionamiento. Definici\u00f3n de Cookie Una \u201ccookie\u201d es un peque\u00f1o fragmento de texto que los sitios web env\u00edan al navegador y que [&hellip;]\" \/>\n<meta property=\"og:url\" content=\"https:\/\/lexpoint.es\/es\/politica-de-cookies\/\" \/>\n<meta property=\"og:site_name\" content=\"Lex Point Advocats\" \/>\n<meta property=\"article:modified_time\" content=\"2025-09-05T08:31:57+00:00\" \/>\n<meta name=\"twitter:card\" content=\"summary_large_image\" \/>\n<meta name=\"twitter:label1\" content=\"Tiempo de lectura\" \/>\n\t<meta name=\"twitter:data1\" content=\"17 minutos\" \/>\n<script type=\"application\/ld+json\" class=\"yoast-schema-graph\">{\"@context\":\"https:\/\/schema.org\",\"@graph\":[{\"@type\":\"WebPage\",\"@id\":\"https:\/\/lexpoint.es\/es\/politica-de-cookies\/\",\"url\":\"https:\/\/lexpoint.es\/es\/politica-de-cookies\/\",\"name\":\"Pol\u00edtica de cookies - Lex Point Advocats\",\"isPartOf\":{\"@id\":\"https:\/\/lexpoint.es\/es\/#website\"},\"datePublished\":\"2023-07-21T06:25:22+00:00\",\"dateModified\":\"2025-09-05T08:31:57+00:00\",\"breadcrumb\":{\"@id\":\"https:\/\/lexpoint.es\/es\/politica-de-cookies\/#breadcrumb\"},\"inLanguage\":\"es\",\"potentialAction\":[{\"@type\":\"ReadAction\",\"target\":[\"https:\/\/lexpoint.es\/es\/politica-de-cookies\/\"]}]},{\"@type\":\"BreadcrumbList\",\"@id\":\"https:\/\/lexpoint.es\/es\/politica-de-cookies\/#breadcrumb\",\"itemListElement\":[{\"@type\":\"ListItem\",\"position\":1,\"name\":\"Portada\",\"item\":\"https:\/\/lexpoint.es\/es\/\"},{\"@type\":\"ListItem\",\"position\":2,\"name\":\"Pol\u00edtica de cookies\"}]},{\"@type\":\"WebSite\",\"@id\":\"https:\/\/lexpoint.es\/es\/#website\",\"url\":\"https:\/\/lexpoint.es\/es\/\",\"name\":\"Lex Point Advocats\",\"description\":\"\",\"potentialAction\":[{\"@type\":\"SearchAction\",\"target\":{\"@type\":\"EntryPoint\",\"urlTemplate\":\"https:\/\/lexpoint.es\/es\/?s={search_term_string}\"},\"query-input\":{\"@type\":\"PropertyValueSpecification\",\"valueRequired\":true,\"valueName\":\"search_term_string\"}}],\"inLanguage\":\"es\"}]}<\/script>\n<!-- \/ Yoast SEO plugin. -->","yoast_head_json":{"title":"Pol\u00edtica de cookies - Lex Point Advocats","robots":{"index":"index","follow":"follow","max-snippet":"max-snippet:-1","max-image-preview":"max-image-preview:large","max-video-preview":"max-video-preview:-1"},"canonical":"https:\/\/lexpoint.es\/es\/politica-de-cookies\/","og_locale":"es_ES","og_type":"article","og_title":"Pol\u00edtica de cookies - Lex Point Advocats","og_description":"Inici Judit Clos Creus Nuestro sitio web utiliza una tecnolog\u00eda llamada \u201ccookie\u201d, con la finalidad de poder obtener informaci\u00f3n sobre el uso del sitio web, mejorar la experiencia del usuario y garantizar su correcto funcionamiento. Definici\u00f3n de Cookie Una \u201ccookie\u201d es un peque\u00f1o fragmento de texto que los sitios web env\u00edan al navegador y que [&hellip;]","og_url":"https:\/\/lexpoint.es\/es\/politica-de-cookies\/","og_site_name":"Lex Point Advocats","article_modified_time":"2025-09-05T08:31:57+00:00","twitter_card":"summary_large_image","twitter_misc":{"Tiempo de lectura":"17 minutos"},"schema":{"@context":"https:\/\/schema.org","@graph":[{"@type":"WebPage","@id":"https:\/\/lexpoint.es\/es\/politica-de-cookies\/","url":"https:\/\/lexpoint.es\/es\/politica-de-cookies\/","name":"Pol\u00edtica de cookies - Lex Point Advocats","isPartOf":{"@id":"https:\/\/lexpoint.es\/es\/#website"},"datePublished":"2023-07-21T06:25:22+00:00","dateModified":"2025-09-05T08:31:57+00:00","breadcrumb":{"@id":"https:\/\/lexpoint.es\/es\/politica-de-cookies\/#breadcrumb"},"inLanguage":"es","potentialAction":[{"@type":"ReadAction","target":["https:\/\/lexpoint.es\/es\/politica-de-cookies\/"]}]},{"@type":"BreadcrumbList","@id":"https:\/\/lexpoint.es\/es\/politica-de-cookies\/#breadcrumb","itemListElement":[{"@type":"ListItem","position":1,"name":"Portada","item":"https:\/\/lexpoint.es\/es\/"},{"@type":"ListItem","position":2,"name":"Pol\u00edtica de cookies"}]},{"@type":"WebSite","@id":"https:\/\/lexpoint.es\/es\/#website","url":"https:\/\/lexpoint.es\/es\/","name":"Lex Point Advocats","description":"","potentialAction":[{"@type":"SearchAction","target":{"@type":"EntryPoint","urlTemplate":"https:\/\/lexpoint.es\/es\/?s={search_term_string}"},"query-input":{"@type":"PropertyValueSpecification","valueRequired":true,"valueName":"search_term_string"}}],"inLanguage":"es"}]}},"_links":{"self":[{"href":"https:\/\/lexpoint.es\/es\/wp-json\/wp\/v2\/pages\/690","targetHints":{"allow":["GET"]}}],"collection":[{"href":"https:\/\/lexpoint.es\/es\/wp-json\/wp\/v2\/pages"}],"about":[{"href":"https:\/\/lexpoint.es\/es\/wp-json\/wp\/v2\/types\/page"}],"author":[{"embeddable":true,"href":"https:\/\/lexpoint.es\/es\/wp-json\/wp\/v2\/users\/2"}],"replies":[{"embeddable":true,"href":"https:\/\/lexpoint.es\/es\/wp-json\/wp\/v2\/comments?post=690"}],"version-history":[{"count":9,"href":"https:\/\/lexpoint.es\/es\/wp-json\/wp\/v2\/pages\/690\/revisions"}],"predecessor-version":[{"id":715,"href":"https:\/\/lexpoint.es\/es\/wp-json\/wp\/v2\/pages\/690\/revisions\/715"}],"wp:attachment":[{"href":"https:\/\/lexpoint.es\/es\/wp-json\/wp\/v2\/media?parent=690"}],"curies":[{"name":"wp","href":"https:\/\/api.w.org\/{rel}","templated":true}]}}