{"id":678,"date":"2023-07-21T08:17:55","date_gmt":"2023-07-21T06:17:55","guid":{"rendered":"https:\/\/lexpoint.es\/?page_id=678"},"modified":"2025-09-05T09:27:30","modified_gmt":"2025-09-05T07:27:30","slug":"aviso-legal","status":"publish","type":"page","link":"https:\/\/lexpoint.es\/es\/aviso-legal\/","title":{"rendered":"Aviso legal"},"content":{"rendered":"\t\t<div data-elementor-type=\"wp-page\" data-elementor-id=\"678\" class=\"elementor elementor-678 elementor-73\" data-elementor-post-type=\"page\">\n\t\t\t\t\t\t<section class=\"elementor-section elementor-top-section elementor-element elementor-element-e3df0ba elementor-section-boxed elementor-section-height-default elementor-section-height-default\" data-id=\"e3df0ba\" data-element_type=\"section\" data-settings=\"{&quot;background_background&quot;:&quot;classic&quot;}\">\n\t\t\t\t\t\t\t<div class=\"elementor-background-overlay\"><\/div>\n\t\t\t\t\t\t\t<div class=\"elementor-container elementor-column-gap-default\">\n\t\t\t\t\t<div class=\"elementor-column elementor-col-100 elementor-top-column elementor-element elementor-element-5927e97\" data-id=\"5927e97\" data-element_type=\"column\">\n\t\t\t<div class=\"elementor-widget-wrap elementor-element-populated\">\n\t\t\t\t\t\t<div class=\"elementor-element elementor-element-89d8606 elementor-icon-list--layout-inline elementor-align-center elementor-list-item-link-full_width elementor-widget elementor-widget-icon-list\" data-id=\"89d8606\" data-element_type=\"widget\" data-widget_type=\"icon-list.default\">\n\t\t\t\t<div class=\"elementor-widget-container\">\n\t\t\t\t\t\t\t<ul class=\"elementor-icon-list-items elementor-inline-items\">\n\t\t\t\t\t\t\t<li class=\"elementor-icon-list-item elementor-inline-item\">\n\t\t\t\t\t\t\t\t\t\t\t<a href=\"https:\/\/lexpoint.es\/es\/\">\n\n\t\t\t\t\t\t\t\t\t\t\t<span class=\"elementor-icon-list-text\">Inici<\/span>\n\t\t\t\t\t\t\t\t\t\t\t<\/a>\n\t\t\t\t\t\t\t\t\t<\/li>\n\t\t\t\t\t\t\t\t<li class=\"elementor-icon-list-item elementor-inline-item\">\n\t\t\t\t\t\t\t\t\t\t\t<a href=\"https:\/\/lexpoint.es\/avis-legal\/\">\n\n\t\t\t\t\t\t\t\t\t\t\t\t<span class=\"elementor-icon-list-icon\">\n\t\t\t\t\t\t\t<i aria-hidden=\"true\" class=\"icon icon-minus\"><\/i>\t\t\t\t\t\t<\/span>\n\t\t\t\t\t\t\t\t\t\t<span class=\"elementor-icon-list-text\">Aviso legal<\/span>\n\t\t\t\t\t\t\t\t\t\t\t<\/a>\n\t\t\t\t\t\t\t\t\t<\/li>\n\t\t\t\t\t\t<\/ul>\n\t\t\t\t\t\t<\/div>\n\t\t\t\t<\/div>\n\t\t\t\t<div class=\"elementor-element elementor-element-37b3fbc elementor-widget elementor-widget-heading\" data-id=\"37b3fbc\" data-element_type=\"widget\" data-widget_type=\"heading.default\">\n\t\t\t\t<div class=\"elementor-widget-container\">\n\t\t\t\t\t<h1 class=\"elementor-heading-title elementor-size-default\">Aviso legal<\/h1>\t\t\t\t<\/div>\n\t\t\t\t<\/div>\n\t\t\t\t\t<\/div>\n\t\t<\/div>\n\t\t\t\t\t<\/div>\n\t\t<\/section>\n\t\t\t\t<section class=\"elementor-section elementor-top-section elementor-element elementor-element-2456a92 elementor-section-boxed elementor-section-height-default elementor-section-height-default\" data-id=\"2456a92\" data-element_type=\"section\">\n\t\t\t\t\t\t<div class=\"elementor-container elementor-column-gap-default\">\n\t\t\t\t\t<div class=\"elementor-column elementor-col-100 elementor-top-column elementor-element elementor-element-6bd287e\" data-id=\"6bd287e\" data-element_type=\"column\">\n\t\t\t<div class=\"elementor-widget-wrap elementor-element-populated\">\n\t\t\t\t\t\t<div class=\"elementor-element elementor-element-7734be7 elementor-widget elementor-widget-text-editor\" data-id=\"7734be7\" data-element_type=\"widget\" data-widget_type=\"text-editor.default\">\n\t\t\t\t<div class=\"elementor-widget-container\">\n\t\t\t\t\t\t\t\t\t<div data-id=\"8a66503\" data-element_type=\"widget\" data-widget_type=\"heading.default\"><div><h2>Judit Clos Creus<\/h2><\/div><\/div><div data-id=\"9820803\" data-element_type=\"widget\" data-widget_type=\"text-editor.default\"><div><div data-id=\"24d9d44\" data-element_type=\"widget\" data-widget_type=\"text-editor.default\"><div><p><b>Informaci\u00f3n de Conformidad con el art\u00edculo 10 de la LSSI<\/b><\/p><p><b>La titular de esta web es:<\/b><\/p><p>Identidad: Judit Clos Creus<\/p><p>NIF: 40594899Z<\/p><p>Direcci\u00f3n: Carrer Nou, 20, 17600 Figueres, Girona<\/p><p>Tel.: 618 444 497<\/p><p>Email: lex@lexpoint.es<\/p><p><b>Condiciones de uso<\/b><\/p><p>El uso de esta web implica la aceptaci\u00f3n plena de los t\u00e9rminos y condiciones del presente aviso legal. Los posibles conflictos relativos a esta web se regir\u00e1n exclusivamente por el derecho del Estado espa\u00f1ol. Toda persona usuaria de la web, independientemente de la jurisdicci\u00f3n territorial desde la cual se produzca su acceso, acepta el cumplimiento y respeto de estas cl\u00e1usulas con renuncia expresa a cualquier otro fuero que pudiera corresponderle.<\/p><p><b>Propiedad intelectual e industrial<\/b><\/p><p>La totalidad del contenido de este sitio web, ya sean textos, im\u00e1genes, sonidos, marcas, logotipos u otros elementos, as\u00ed como la estructura, dise\u00f1o, combinaciones de colores o forma de presentaci\u00f3n de los materiales, est\u00e1n protegidos por derechos de propiedad industrial e intelectual que el usuario de este sitio web debe respetar. No es l\u00edcita su transformaci\u00f3n o alteraci\u00f3n, comunicaci\u00f3n p\u00fablica o cualquier otra forma de explotaci\u00f3n por cualquier procedimiento sin la autorizaci\u00f3n expresa de Judit Clos Creus.<\/p><p><b>Responsabilidad sobre los contenidos<\/b><\/p><p>Aunque Judit Clos Creus act\u00faa con la m\u00e1xima diligencia posible, puede darse el caso de que alg\u00fan dato o informaci\u00f3n no est\u00e9 del todo actualizada en el momento en que el usuario del sitio web lo consulte. Por ello, las informaciones que se presentan en esta web tienen una funci\u00f3n orientativa y no obligan a Judit Clos Creus.<\/p><p>Judit Clos Creus no ser\u00e1 responsable de la informaci\u00f3n que se pueda obtener a trav\u00e9s de enlaces incluidos en su web.<\/p><p>Judit Clos Creus se reserva la facultad de realizar, en cualquier momento y sin necesidad de previo aviso, modificaciones o actualizaciones de la informaci\u00f3n y de cualquiera de los elementos que integren el dise\u00f1o y configuraci\u00f3n de la p\u00e1gina web.<\/p><p><b>Ley aplicable y jurisdicci\u00f3n:<\/b><\/p><p>El uso de este sitio web implica la aceptaci\u00f3n plena de los t\u00e9rminos y condiciones en el presente aviso legal. Los posibles conflictos relativos a esta web se regir\u00e1n exclusivamente por la legislaci\u00f3n espa\u00f1ola, siendo competentes los Juzgados y Tribunales espa\u00f1oles para conocer cualquier cuesti\u00f3n que se suscite sobre ella. El usuario, en virtud de su aceptaci\u00f3n, renuncia expresamente a cualquier fuero que por aplicaci\u00f3n de la Ley de Enjuiciamiento Civil vigente pudiera corresponderle.<\/p><\/div><\/div><\/div><\/div>\t\t\t\t\t\t\t\t<\/div>\n\t\t\t\t<\/div>\n\t\t\t\t\t<\/div>\n\t\t<\/div>\n\t\t\t\t\t<\/div>\n\t\t<\/section>\n\t\t\t\t<\/div>\n\t\t","protected":false},"excerpt":{"rendered":"<p>Inici Judit Clos Creus Informaci\u00f3n de Conformidad con el art\u00edculo 10 de la LSSI La titular de esta web es: Identidad: Judit Clos Creus NIF: 40594899Z Direcci\u00f3n: Carrer Nou, 20, 17600 Figueres, Girona Tel.: 618 444 497 Email: lex@lexpoint.es Condiciones de uso El uso de esta web implica la aceptaci\u00f3n plena de los t\u00e9rminos y [&hellip;]<\/p>\n","protected":false},"author":2,"featured_media":0,"parent":0,"menu_order":0,"comment_status":"closed","ping_status":"closed","template":"","meta":{"footnotes":""},"class_list":["post-678","page","type-page","status-publish","hentry"],"yoast_head":"<!-- This site is optimized with the Yoast SEO plugin v26.3 - https:\/\/yoast.com\/wordpress\/plugins\/seo\/ -->\n<title>Aviso legal - Lex Point Advocats<\/title>\n<meta name=\"robots\" content=\"index, follow, max-snippet:-1, max-image-preview:large, max-video-preview:-1\" \/>\n<link rel=\"canonical\" href=\"https:\/\/lexpoint.es\/es\/aviso-legal\/\" \/>\n<meta property=\"og:locale\" content=\"es_ES\" \/>\n<meta property=\"og:type\" content=\"article\" \/>\n<meta property=\"og:title\" content=\"Aviso legal - Lex Point Advocats\" \/>\n<meta property=\"og:description\" content=\"Inici Judit Clos Creus Informaci\u00f3n de Conformidad con el art\u00edculo 10 de la LSSI La titular de esta web es: Identidad: Judit Clos Creus NIF: 40594899Z Direcci\u00f3n: Carrer Nou, 20, 17600 Figueres, Girona Tel.: 618 444 497 Email: lex@lexpoint.es Condiciones de uso El uso de esta web implica la aceptaci\u00f3n plena de los t\u00e9rminos y [&hellip;]\" \/>\n<meta property=\"og:url\" content=\"https:\/\/lexpoint.es\/es\/aviso-legal\/\" \/>\n<meta property=\"og:site_name\" content=\"Lex Point Advocats\" \/>\n<meta property=\"article:modified_time\" content=\"2025-09-05T07:27:30+00:00\" \/>\n<meta name=\"twitter:card\" content=\"summary_large_image\" \/>\n<meta name=\"twitter:label1\" content=\"Tiempo de lectura\" \/>\n\t<meta name=\"twitter:data1\" content=\"2 minutos\" \/>\n<script type=\"application\/ld+json\" class=\"yoast-schema-graph\">{\"@context\":\"https:\/\/schema.org\",\"@graph\":[{\"@type\":\"WebPage\",\"@id\":\"https:\/\/lexpoint.es\/es\/aviso-legal\/\",\"url\":\"https:\/\/lexpoint.es\/es\/aviso-legal\/\",\"name\":\"Aviso legal - Lex Point Advocats\",\"isPartOf\":{\"@id\":\"https:\/\/lexpoint.es\/es\/#website\"},\"datePublished\":\"2023-07-21T06:17:55+00:00\",\"dateModified\":\"2025-09-05T07:27:30+00:00\",\"breadcrumb\":{\"@id\":\"https:\/\/lexpoint.es\/es\/aviso-legal\/#breadcrumb\"},\"inLanguage\":\"es\",\"potentialAction\":[{\"@type\":\"ReadAction\",\"target\":[\"https:\/\/lexpoint.es\/es\/aviso-legal\/\"]}]},{\"@type\":\"BreadcrumbList\",\"@id\":\"https:\/\/lexpoint.es\/es\/aviso-legal\/#breadcrumb\",\"itemListElement\":[{\"@type\":\"ListItem\",\"position\":1,\"name\":\"Portada\",\"item\":\"https:\/\/lexpoint.es\/es\/\"},{\"@type\":\"ListItem\",\"position\":2,\"name\":\"Aviso legal\"}]},{\"@type\":\"WebSite\",\"@id\":\"https:\/\/lexpoint.es\/es\/#website\",\"url\":\"https:\/\/lexpoint.es\/es\/\",\"name\":\"Lex Point Advocats\",\"description\":\"\",\"potentialAction\":[{\"@type\":\"SearchAction\",\"target\":{\"@type\":\"EntryPoint\",\"urlTemplate\":\"https:\/\/lexpoint.es\/es\/?s={search_term_string}\"},\"query-input\":{\"@type\":\"PropertyValueSpecification\",\"valueRequired\":true,\"valueName\":\"search_term_string\"}}],\"inLanguage\":\"es\"}]}<\/script>\n<!-- \/ Yoast SEO plugin. -->","yoast_head_json":{"title":"Aviso legal - Lex Point Advocats","robots":{"index":"index","follow":"follow","max-snippet":"max-snippet:-1","max-image-preview":"max-image-preview:large","max-video-preview":"max-video-preview:-1"},"canonical":"https:\/\/lexpoint.es\/es\/aviso-legal\/","og_locale":"es_ES","og_type":"article","og_title":"Aviso legal - Lex Point Advocats","og_description":"Inici Judit Clos Creus Informaci\u00f3n de Conformidad con el art\u00edculo 10 de la LSSI La titular de esta web es: Identidad: Judit Clos Creus NIF: 40594899Z Direcci\u00f3n: Carrer Nou, 20, 17600 Figueres, Girona Tel.: 618 444 497 Email: lex@lexpoint.es Condiciones de uso El uso de esta web implica la aceptaci\u00f3n plena de los t\u00e9rminos y [&hellip;]","og_url":"https:\/\/lexpoint.es\/es\/aviso-legal\/","og_site_name":"Lex Point Advocats","article_modified_time":"2025-09-05T07:27:30+00:00","twitter_card":"summary_large_image","twitter_misc":{"Tiempo de lectura":"2 minutos"},"schema":{"@context":"https:\/\/schema.org","@graph":[{"@type":"WebPage","@id":"https:\/\/lexpoint.es\/es\/aviso-legal\/","url":"https:\/\/lexpoint.es\/es\/aviso-legal\/","name":"Aviso legal - Lex Point Advocats","isPartOf":{"@id":"https:\/\/lexpoint.es\/es\/#website"},"datePublished":"2023-07-21T06:17:55+00:00","dateModified":"2025-09-05T07:27:30+00:00","breadcrumb":{"@id":"https:\/\/lexpoint.es\/es\/aviso-legal\/#breadcrumb"},"inLanguage":"es","potentialAction":[{"@type":"ReadAction","target":["https:\/\/lexpoint.es\/es\/aviso-legal\/"]}]},{"@type":"BreadcrumbList","@id":"https:\/\/lexpoint.es\/es\/aviso-legal\/#breadcrumb","itemListElement":[{"@type":"ListItem","position":1,"name":"Portada","item":"https:\/\/lexpoint.es\/es\/"},{"@type":"ListItem","position":2,"name":"Aviso legal"}]},{"@type":"WebSite","@id":"https:\/\/lexpoint.es\/es\/#website","url":"https:\/\/lexpoint.es\/es\/","name":"Lex Point Advocats","description":"","potentialAction":[{"@type":"SearchAction","target":{"@type":"EntryPoint","urlTemplate":"https:\/\/lexpoint.es\/es\/?s={search_term_string}"},"query-input":{"@type":"PropertyValueSpecification","valueRequired":true,"valueName":"search_term_string"}}],"inLanguage":"es"}]}},"_links":{"self":[{"href":"https:\/\/lexpoint.es\/es\/wp-json\/wp\/v2\/pages\/678","targetHints":{"allow":["GET"]}}],"collection":[{"href":"https:\/\/lexpoint.es\/es\/wp-json\/wp\/v2\/pages"}],"about":[{"href":"https:\/\/lexpoint.es\/es\/wp-json\/wp\/v2\/types\/page"}],"author":[{"embeddable":true,"href":"https:\/\/lexpoint.es\/es\/wp-json\/wp\/v2\/users\/2"}],"replies":[{"embeddable":true,"href":"https:\/\/lexpoint.es\/es\/wp-json\/wp\/v2\/comments?post=678"}],"version-history":[{"count":8,"href":"https:\/\/lexpoint.es\/es\/wp-json\/wp\/v2\/pages\/678\/revisions"}],"predecessor-version":[{"id":686,"href":"https:\/\/lexpoint.es\/es\/wp-json\/wp\/v2\/pages\/678\/revisions\/686"}],"wp:attachment":[{"href":"https:\/\/lexpoint.es\/es\/wp-json\/wp\/v2\/media?parent=678"}],"curies":[{"name":"wp","href":"https:\/\/api.w.org\/{rel}","templated":true}]}}