{"id":613,"date":"2025-03-20T13:24:29","date_gmt":"2025-03-20T12:24:29","guid":{"rendered":"https:\/\/lexpoint.es\/contacto\/"},"modified":"2026-01-20T10:32:15","modified_gmt":"2026-01-20T09:32:15","slug":"contacto","status":"publish","type":"page","link":"https:\/\/lexpoint.es\/es\/contacto\/","title":{"rendered":"Contacto"},"content":{"rendered":"\t\t<div data-elementor-type=\"wp-page\" data-elementor-id=\"613\" class=\"elementor elementor-613 elementor-241\" data-elementor-post-type=\"page\">\n\t\t\t\t\t\t<section class=\"elementor-section elementor-top-section elementor-element elementor-element-102dbb87 elementor-section-boxed elementor-section-height-default elementor-section-height-default\" data-id=\"102dbb87\" data-element_type=\"section\" data-settings=\"{&quot;background_background&quot;:&quot;classic&quot;}\">\n\t\t\t\t\t\t\t<div class=\"elementor-background-overlay\"><\/div>\n\t\t\t\t\t\t\t<div class=\"elementor-container elementor-column-gap-default\">\n\t\t\t\t\t<div class=\"elementor-column elementor-col-100 elementor-top-column elementor-element elementor-element-3f8cd52a\" data-id=\"3f8cd52a\" data-element_type=\"column\">\n\t\t\t<div class=\"elementor-widget-wrap elementor-element-populated\">\n\t\t\t\t\t\t<div class=\"elementor-element elementor-element-5fac6a3d elementor-icon-list--layout-inline elementor-align-center elementor-list-item-link-full_width elementor-widget elementor-widget-icon-list\" data-id=\"5fac6a3d\" data-element_type=\"widget\" data-widget_type=\"icon-list.default\">\n\t\t\t\t<div class=\"elementor-widget-container\">\n\t\t\t\t\t\t\t<ul class=\"elementor-icon-list-items elementor-inline-items\">\n\t\t\t\t\t\t\t<li class=\"elementor-icon-list-item elementor-inline-item\">\n\t\t\t\t\t\t\t\t\t\t\t<a href=\"https:\/\/lexpoint.es\/es\/\">\n\n\t\t\t\t\t\t\t\t\t\t\t<span class=\"elementor-icon-list-text\">Inicio<\/span>\n\t\t\t\t\t\t\t\t\t\t\t<\/a>\n\t\t\t\t\t\t\t\t\t<\/li>\n\t\t\t\t\t\t\t\t<li class=\"elementor-icon-list-item elementor-inline-item\">\n\t\t\t\t\t\t\t\t\t\t\t<a href=\"https:\/\/lexpoint.es\/contacte\/\">\n\n\t\t\t\t\t\t\t\t\t\t\t\t<span class=\"elementor-icon-list-icon\">\n\t\t\t\t\t\t\t<i aria-hidden=\"true\" class=\"icon icon-minus\"><\/i>\t\t\t\t\t\t<\/span>\n\t\t\t\t\t\t\t\t\t\t<span class=\"elementor-icon-list-text\">Contacto<\/span>\n\t\t\t\t\t\t\t\t\t\t\t<\/a>\n\t\t\t\t\t\t\t\t\t<\/li>\n\t\t\t\t\t\t<\/ul>\n\t\t\t\t\t\t<\/div>\n\t\t\t\t<\/div>\n\t\t\t\t<div class=\"elementor-element elementor-element-25d23243 elementor-widget elementor-widget-heading\" data-id=\"25d23243\" data-element_type=\"widget\" data-widget_type=\"heading.default\">\n\t\t\t\t<div class=\"elementor-widget-container\">\n\t\t\t\t\t<h1 class=\"elementor-heading-title elementor-size-default\">Contacto<\/h1>\t\t\t\t<\/div>\n\t\t\t\t<\/div>\n\t\t\t\t<div class=\"elementor-element elementor-element-9385120 elementor-widget elementor-widget-text-editor\" data-id=\"9385120\" data-element_type=\"widget\" data-widget_type=\"text-editor.default\">\n\t\t\t\t<div class=\"elementor-widget-container\">\n\t\t\t\t\t\t\t\t\t<p>Estamos a su disposici\u00f3n para cualquier consulta. Escr\u00edbanos y le responderemos lo antes posible. <\/p>\t\t\t\t\t\t\t\t<\/div>\n\t\t\t\t<\/div>\n\t\t\t\t\t<\/div>\n\t\t<\/div>\n\t\t\t\t\t<\/div>\n\t\t<\/section>\n\t\t\t\t<section class=\"elementor-section elementor-top-section elementor-element elementor-element-2f173d24 elementor-section-content-middle elementor-section-boxed elementor-section-height-default elementor-section-height-default\" data-id=\"2f173d24\" data-element_type=\"section\">\n\t\t\t\t\t\t<div class=\"elementor-container elementor-column-gap-default\">\n\t\t\t\t\t<div class=\"elementor-column elementor-col-50 elementor-top-column elementor-element elementor-element-696826ce\" data-id=\"696826ce\" data-element_type=\"column\">\n\t\t\t<div class=\"elementor-widget-wrap elementor-element-populated\">\n\t\t\t\t\t\t<div class=\"elementor-element elementor-element-4d6032b6 elementor-widget elementor-widget-heading\" data-id=\"4d6032b6\" data-element_type=\"widget\" data-widget_type=\"heading.default\">\n\t\t\t\t<div class=\"elementor-widget-container\">\n\t\t\t\t\t<h6 class=\"elementor-heading-title elementor-size-default\">Hablemos<\/h6>\t\t\t\t<\/div>\n\t\t\t\t<\/div>\n\t\t\t\t<div class=\"elementor-element elementor-element-5107aecf elementor-widget elementor-widget-heading\" data-id=\"5107aecf\" data-element_type=\"widget\" data-widget_type=\"heading.default\">\n\t\t\t\t<div class=\"elementor-widget-container\">\n\t\t\t\t\t<h2 class=\"elementor-heading-title elementor-size-default\">\u00bfQuiere saber m\u00e1s sobre Lex Point Advocats?<\/h2>\t\t\t\t<\/div>\n\t\t\t\t<\/div>\n\t\t\t\t<div class=\"elementor-element elementor-element-10d6e2bf elementor-widget elementor-widget-text-editor\" data-id=\"10d6e2bf\" data-element_type=\"widget\" data-widget_type=\"text-editor.default\">\n\t\t\t\t<div class=\"elementor-widget-container\">\n\t\t\t\t\t\t\t\t\t<p><strong>Horario:<\/strong> De lunes a jueves de 08:30 a 19:00 y viernes de 08:30 a 15:00.<\/p>\t\t\t\t\t\t\t\t<\/div>\n\t\t\t\t<\/div>\n\t\t\t\t<section class=\"elementor-section elementor-inner-section elementor-element elementor-element-4a383b80 elementor-section-boxed elementor-section-height-default elementor-section-height-default\" data-id=\"4a383b80\" data-element_type=\"section\">\n\t\t\t\t\t\t<div class=\"elementor-container elementor-column-gap-default\">\n\t\t\t\t\t<div class=\"elementor-column elementor-col-50 elementor-inner-column elementor-element elementor-element-658ad13f\" data-id=\"658ad13f\" data-element_type=\"column\">\n\t\t\t<div class=\"elementor-widget-wrap elementor-element-populated\">\n\t\t\t\t\t\t<div class=\"elementor-element elementor-element-13c1646e ekit-equal-height-disable elementor-widget elementor-widget-elementskit-icon-box\" data-id=\"13c1646e\" data-element_type=\"widget\" data-widget_type=\"elementskit-icon-box.default\">\n\t\t\t\t<div class=\"elementor-widget-container\">\n\t\t\t\t\t<div class=\"ekit-wid-con\" >        <!-- link opening -->\n                <a href=\"mailto:lex@lexpoint.es\" class=\"ekit_global_links\">\n                <!-- end link opening -->\n\n        <div class=\"elementskit-infobox text-left text-left icon-top-align elementor-animation-   \">\n                    <div class=\"elementskit-box-header elementor-animation-\">\n                <div class=\"elementskit-info-box-icon  \">\n                    <i aria-hidden=\"true\" class=\"elementkit-infobox-icon icon icon-envelope1\"><\/i>\n                <\/div>\n          <\/div>\n                        <div class=\"box-body\">\n                            <h3 class=\"elementskit-info-box-title\">\n                    Correo Electr\u00f3nico                <\/h3>\n                        \t\t  \t<p>lex@lexpoint.es<\/p>\n                                <\/div>\n        \n        \n                <\/div>\n                <\/a>\n        <\/div>\t\t\t\t<\/div>\n\t\t\t\t<\/div>\n\t\t\t\t\t<\/div>\n\t\t<\/div>\n\t\t\t\t<div class=\"elementor-column elementor-col-50 elementor-inner-column elementor-element elementor-element-3dc147e1\" data-id=\"3dc147e1\" data-element_type=\"column\">\n\t\t\t<div class=\"elementor-widget-wrap elementor-element-populated\">\n\t\t\t\t\t\t<div class=\"elementor-element elementor-element-115c6836 ekit-equal-height-disable elementor-widget elementor-widget-elementskit-icon-box\" data-id=\"115c6836\" data-element_type=\"widget\" data-widget_type=\"elementskit-icon-box.default\">\n\t\t\t\t<div class=\"elementor-widget-container\">\n\t\t\t\t\t<div class=\"ekit-wid-con\" >        <!-- link opening -->\n                <a href=\"tel:618444497\" class=\"ekit_global_links\">\n                <!-- end link opening -->\n\n        <div class=\"elementskit-infobox text-left text-left icon-top-align elementor-animation-   \">\n                    <div class=\"elementskit-box-header elementor-animation-\">\n                <div class=\"elementskit-info-box-icon  \">\n                    <i aria-hidden=\"true\" class=\"elementkit-infobox-icon icon icon-phone1\"><\/i>\n                <\/div>\n          <\/div>\n                        <div class=\"box-body\">\n                            <h3 class=\"elementskit-info-box-title\">\n                    Tel\u00e9fono                <\/h3>\n                        \t\t  \t<p>618 444 497<\/p>\n                                <\/div>\n        \n        \n                <\/div>\n                <\/a>\n        <\/div>\t\t\t\t<\/div>\n\t\t\t\t<\/div>\n\t\t\t\t\t<\/div>\n\t\t<\/div>\n\t\t\t\t\t<\/div>\n\t\t<\/section>\n\t\t\t\t<div class=\"elementor-element elementor-element-4292ae3e elementor-widget elementor-widget-heading\" data-id=\"4292ae3e\" data-element_type=\"widget\" data-widget_type=\"heading.default\">\n\t\t\t\t<div class=\"elementor-widget-container\">\n\t\t\t\t\t<h4 class=\"elementor-heading-title elementor-size-default\">Redes Sociales<\/h4>\t\t\t\t<\/div>\n\t\t\t\t<\/div>\n\t\t\t\t<div class=\"elementor-element elementor-element-62c7b80f elementor-shape-square elementor-grid-0 elementor-widget elementor-widget-social-icons\" data-id=\"62c7b80f\" data-element_type=\"widget\" data-widget_type=\"social-icons.default\">\n\t\t\t\t<div class=\"elementor-widget-container\">\n\t\t\t\t\t\t\t<div class=\"elementor-social-icons-wrapper elementor-grid\">\n\t\t\t\t\t\t\t<span class=\"elementor-grid-item\">\n\t\t\t\t\t<a class=\"elementor-icon elementor-social-icon elementor-social-icon-instagram elementor-animation-float elementor-repeater-item-39d83b1\" href=\"https:\/\/www.instagram.com\/lexpointadvocats\/\" target=\"_blank\">\n\t\t\t\t\t\t<span class=\"elementor-screen-only\">Instagram<\/span>\n\t\t\t\t\t\t<i aria-hidden=\"true\" class=\"fab fa-instagram\"><\/i>\t\t\t\t\t<\/a>\n\t\t\t\t<\/span>\n\t\t\t\t\t<\/div>\n\t\t\t\t\t\t<\/div>\n\t\t\t\t<\/div>\n\t\t\t\t\t<\/div>\n\t\t<\/div>\n\t\t\t\t<div class=\"elementor-column elementor-col-50 elementor-top-column elementor-element elementor-element-2019f4d2\" data-id=\"2019f4d2\" data-element_type=\"column\" data-settings=\"{&quot;background_background&quot;:&quot;classic&quot;}\">\n\t\t\t<div class=\"elementor-widget-wrap elementor-element-populated\">\n\t\t\t\t\t\t<div class=\"elementor-element elementor-element-54f06dba elementor-widget elementor-widget-heading\" data-id=\"54f06dba\" data-element_type=\"widget\" data-widget_type=\"heading.default\">\n\t\t\t\t<div class=\"elementor-widget-container\">\n\t\t\t\t\t<h6 class=\"elementor-heading-title elementor-size-default\">Env\u00edenos un mensaje<\/h6>\t\t\t\t<\/div>\n\t\t\t\t<\/div>\n\t\t\t\t<div class=\"elementor-element elementor-element-5c2f1ef4 elementor-widget elementor-widget-heading\" data-id=\"5c2f1ef4\" data-element_type=\"widget\" data-widget_type=\"heading.default\">\n\t\t\t\t<div class=\"elementor-widget-container\">\n\t\t\t\t\t<h2 class=\"elementor-heading-title elementor-size-default\">No dude en contactar con nosotros<\/h2>\t\t\t\t<\/div>\n\t\t\t\t<\/div>\n\t\t\t\t<div class=\"elementor-element elementor-element-5598209a elementor-button-align-stretch elementor-widget elementor-widget-form\" data-id=\"5598209a\" data-element_type=\"widget\" data-settings=\"{&quot;step_next_label&quot;:&quot;Siguiente&quot;,&quot;step_previous_label&quot;:&quot;Anterior&quot;,&quot;button_width&quot;:&quot;100&quot;,&quot;step_type&quot;:&quot;number_text&quot;,&quot;step_icon_shape&quot;:&quot;circle&quot;}\" data-widget_type=\"form.default\">\n\t\t\t\t<div class=\"elementor-widget-container\">\n\t\t\t\t\t\t\t<form class=\"elementor-form\" method=\"post\" name=\"Nuevo Formulario\" aria-label=\"Nuevo Formulario\">\n\t\t\t<input type=\"hidden\" name=\"post_id\" value=\"613\"\/>\n\t\t\t<input type=\"hidden\" name=\"form_id\" value=\"5598209a\"\/>\n\t\t\t<input type=\"hidden\" name=\"referer_title\" value=\"Contacto - Lex Point Advocats\" \/>\n\n\t\t\t\t\t\t\t<input type=\"hidden\" name=\"queried_id\" value=\"613\"\/>\n\t\t\t\n\t\t\t<div class=\"elementor-form-fields-wrapper elementor-labels-above\">\n\t\t\t\t\t\t\t\t<div class=\"elementor-field-type-text elementor-field-group elementor-column elementor-field-group-name elementor-col-100 elementor-field-required\">\n\t\t\t\t\t\t\t\t\t\t\t\t<label for=\"form-field-name\" class=\"elementor-field-label\">\n\t\t\t\t\t\t\t\tNombre\t\t\t\t\t\t\t<\/label>\n\t\t\t\t\t\t\t\t\t\t\t\t\t\t<input size=\"1\" type=\"text\" name=\"form_fields[name]\" id=\"form-field-name\" class=\"elementor-field elementor-size-sm  elementor-field-textual\" placeholder=\"Nombre\" required=\"required\">\n\t\t\t\t\t\t\t\t\t\t\t<\/div>\n\t\t\t\t\t\t\t\t<div class=\"elementor-field-type-email elementor-field-group elementor-column elementor-field-group-email elementor-col-100 elementor-field-required\">\n\t\t\t\t\t\t\t\t\t\t\t\t<label for=\"form-field-email\" class=\"elementor-field-label\">\n\t\t\t\t\t\t\t\tCorreo electr\u00f3nico\t\t\t\t\t\t\t<\/label>\n\t\t\t\t\t\t\t\t\t\t\t\t\t\t<input size=\"1\" type=\"email\" name=\"form_fields[email]\" id=\"form-field-email\" class=\"elementor-field elementor-size-sm  elementor-field-textual\" placeholder=\"Correo electr\u00f3nico\" required=\"required\">\n\t\t\t\t\t\t\t\t\t\t\t<\/div>\n\t\t\t\t\t\t\t\t<div class=\"elementor-field-type-select elementor-field-group elementor-column elementor-field-group-field_d6b4fa4 elementor-col-100 elementor-field-required\">\n\t\t\t\t\t\t\t\t\t\t\t\t<label for=\"form-field-field_d6b4fa4\" class=\"elementor-field-label\">\n\t\t\t\t\t\t\t\tNecesito informaci\u00f3n de este servicio:\t\t\t\t\t\t\t<\/label>\n\t\t\t\t\t\t\t\t<div class=\"elementor-field elementor-select-wrapper remove-before \">\n\t\t\t<div class=\"select-caret-down-wrapper\">\n\t\t\t\t<i aria-hidden=\"true\" class=\"eicon-caret-down\"><\/i>\t\t\t<\/div>\n\t\t\t<select name=\"form_fields[field_d6b4fa4]\" id=\"form-field-field_d6b4fa4\" class=\"elementor-field-textual elementor-size-sm\" required=\"required\">\n\t\t\t\t\t\t\t\t\t<option value=\"  -\">  -<\/option>\n\t\t\t\t\t\t\t\t\t<option value=\"Civil\">Civil<\/option>\n\t\t\t\t\t\t\t\t\t<option value=\"Penal\">Penal<\/option>\n\t\t\t\t\t\t\t\t\t<option value=\"Laboral\">Laboral<\/option>\n\t\t\t\t\t\t\t<\/select>\n\t\t<\/div>\n\t\t\t\t\t\t<\/div>\n\t\t\t\t\t\t\t\t<div class=\"elementor-field-type-textarea elementor-field-group elementor-column elementor-field-group-message elementor-col-100 elementor-field-required\">\n\t\t\t\t\t\t\t\t\t\t\t\t<label for=\"form-field-message\" class=\"elementor-field-label\">\n\t\t\t\t\t\t\t\tMensaje\t\t\t\t\t\t\t<\/label>\n\t\t\t\t\t\t<textarea class=\"elementor-field-textual elementor-field  elementor-size-sm\" name=\"form_fields[message]\" id=\"form-field-message\" rows=\"4\" placeholder=\"Mensaje\" required=\"required\"><\/textarea>\t\t\t\t<\/div>\n\t\t\t\t\t\t\t\t<div class=\"elementor-field-type-acceptance elementor-field-group elementor-column elementor-field-group-field_736326d elementor-col-100\">\n\t\t\t\t\t\t\t<div class=\"elementor-field-subgroup\">\n\t\t\t<span class=\"elementor-field-option\">\n\t\t\t\t<input type=\"checkbox\" name=\"form_fields[field_736326d]\" id=\"form-field-field_736326d\" class=\"elementor-field elementor-size-sm  elementor-acceptance-field\">\n\t\t\t\t<label for=\"form-field-field_736326d\">He le\u00eddo y acepto la <a href=\"https:\/\/lexpoint.es\/es\/politica-de-privacidad\/\" target=\"_blank\">pol\u00edtica de privacidad<\/a><\/label>\t\t\t<\/span>\n\t\t<\/div>\n\t\t\t\t\t\t<\/div>\n\t\t\t\t\t\t\t\t<div class=\"elementor-field-type-recaptcha_v3 elementor-field-group elementor-column elementor-field-group-field_f2eaa04 elementor-col-100 recaptcha_v3-bottomright\">\n\t\t\t\t\t<div class=\"elementor-field\" id=\"form-field-field_f2eaa04\"><div class=\"elementor-g-recaptcha\" data-sitekey=\"6LdbIMsrAAAAAOS3LpdnmXVqbhcTqPyKhLtH24Qe\" data-type=\"v3\" data-action=\"Form\" data-badge=\"bottomright\" data-size=\"invisible\"><\/div><\/div>\t\t\t\t<\/div>\n\t\t\t\t\t\t\t\t<div class=\"elementor-field-group elementor-column elementor-field-type-submit elementor-col-100 e-form__buttons\">\n\t\t\t\t\t<button class=\"elementor-button elementor-size-sm\" type=\"submit\">\n\t\t\t\t\t\t<span class=\"elementor-button-content-wrapper\">\n\t\t\t\t\t\t\t\t\t\t\t\t\t\t\t\t\t\t\t\t\t\t<span class=\"elementor-button-text\">Enviar<\/span>\n\t\t\t\t\t\t\t\t\t\t\t\t\t<\/span>\n\t\t\t\t\t<\/button>\n\t\t\t\t<\/div>\n\t\t\t<\/div>\n\t\t<\/form>\n\t\t\t\t\t\t<\/div>\n\t\t\t\t<\/div>\n\t\t\t\t<div class=\"elementor-element elementor-element-c5913ce elementor-align-justify elementor-widget elementor-widget-bdt-dropbar\" data-id=\"c5913ce\" data-element_type=\"widget\" data-widget_type=\"bdt-dropbar.default\">\n\t\t\t\t<div class=\"elementor-widget-container\">\n\t\t\t\t\t\t\t<div class=\"bdt-dropbar-wrapper\">\n\t\t\t<a class=\"bdt-dropbar-button elementor-button elementor-size-xs\" href=\"javascript:void(0)\">\n\t\t\t\t\t\t<span class=\"elementor-button-content-wrapper\">\n\t\t\t<span >\n\n\t\t\t\t<span class=\"elementor-button-text\">Informaci\u00f3n b\u00e1sica sobre la protecci\u00f3n de datos<\/span>\n\n\t\t\t\t\n\t\t\t<\/span>\n\t\t<\/span>\n\t\t\t\t<\/a>\n\t\t\t<!-- <div> -->\n\t\t\t\t<div id=\"bdt-drop-c5913ce\" class=\"bdt-drop bdt-card bdt-card-body bdt-card-default\" data-bdt-drop=\"{&quot;pos&quot;:&quot;bottom-left&quot;,&quot;mode&quot;:&quot;click&quot;,&quot;stretch&quot;:&quot;x&quot;,&quot;target&quot;:false,&quot;boundary&quot;:false,&quot;delay-show&quot;:0,&quot;delay-hide&quot;:800,&quot;flip&quot;:false,&quot;offset&quot;:10,&quot;animation&quot;:&quot;bdt-animation-fade&quot;,&quot;duration&quot;:200,&quot;animate-out&quot;:false}\">\n\t\t\t\t\t<p>\u2013 Responsable: Lex Point Advocats<br \/>\u2013 Finalitat: Gestionar l\u2019enviament d\u2019informaci\u00f3 i prospecci\u00f3 comercial.<br \/>\u2013 Legitimaci\u00f3: El consentiment de l\u2019interessat<br \/>\u2013 Destinataris: Lex Point Advocats<br \/>\u2013 Drets: Accedir, rectificar i suprimir les dades, aix\u00ed com altres drets, com s\u2019explica a la informaci\u00f3 addicional.<br \/>\u2013 Informaci\u00f3 addicional: Podeu consultar la informaci\u00f3 addicional i detallada sobre Protecci\u00f3 de Dades a la nostra p\u00e0gina web:\u00a0<a href=\"https:\/\/lexpoint.es\/politica-de-privacitat\/\">Pol\u00edtica de privacitat<\/a><\/p>\n\n\t\t\t\t<\/div>\n\t\t\t<!-- <\/div> -->\n\t\t<\/div>\n\t\t\t\t\t<\/div>\n\t\t\t\t<\/div>\n\t\t\t\t\t<\/div>\n\t\t<\/div>\n\t\t\t\t\t<\/div>\n\t\t<\/section>\n\t\t\t\t<section class=\"elementor-section elementor-top-section elementor-element elementor-element-14fa5aed elementor-section-full_width elementor-section-height-default elementor-section-height-default\" data-id=\"14fa5aed\" data-element_type=\"section\">\n\t\t\t\t\t\t<div class=\"elementor-container elementor-column-gap-no\">\n\t\t\t\t\t<div class=\"elementor-column elementor-col-100 elementor-top-column elementor-element elementor-element-3900b339\" data-id=\"3900b339\" data-element_type=\"column\">\n\t\t\t<div class=\"elementor-widget-wrap elementor-element-populated\">\n\t\t\t\t\t\t<div class=\"elementor-element elementor-element-61062928 elementor-widget elementor-widget-google_maps\" data-id=\"61062928\" data-element_type=\"widget\" data-widget_type=\"google_maps.default\">\n\t\t\t\t<div class=\"elementor-widget-container\">\n\t\t\t\t\t\t\t<div class=\"elementor-custom-embed\">\n\t\t\t<iframe loading=\"lazy\"\n\t\t\t\t\tsrc=\"https:\/\/maps.google.com\/maps?q=Lex%20Point%20Advocats&#038;t=m&#038;z=14&#038;output=embed&#038;iwloc=near\"\n\t\t\t\t\ttitle=\"Lex Point Advocats\"\n\t\t\t\t\taria-label=\"Lex Point Advocats\"\n\t\t\t><\/iframe>\n\t\t<\/div>\n\t\t\t\t\t\t<\/div>\n\t\t\t\t<\/div>\n\t\t\t\t\t<\/div>\n\t\t<\/div>\n\t\t\t\t\t<\/div>\n\t\t<\/section>\n\t\t\t\t<\/div>\n\t\t","protected":false},"excerpt":{"rendered":"<p>Inicio Estamos a su disposici\u00f3n para cualquier consulta. Escr\u00edbanos y le responderemos lo antes posible. Hablemos \u00bfQuiere saber m\u00e1s sobre Lex Point Advocats? Horario: De lunes a jueves de 08:30 a 19:00 y viernes de 08:30 a 15:00. Correo Electr\u00f3nico lex@lexpoint.es Tel\u00e9fono 618 444 497 Redes Sociales Instagram Env\u00edenos un mensaje No dude en contactar [&hellip;]<\/p>\n","protected":false},"author":2,"featured_media":0,"parent":0,"menu_order":0,"comment_status":"closed","ping_status":"closed","template":"elementor_header_footer","meta":{"footnotes":""},"class_list":["post-613","page","type-page","status-publish","hentry"],"yoast_head":"<!-- This site is optimized with the Yoast SEO plugin v26.3 - https:\/\/yoast.com\/wordpress\/plugins\/seo\/ -->\n<title>Contacto - Lex Point Advocats<\/title>\n<meta name=\"robots\" content=\"index, follow, max-snippet:-1, max-image-preview:large, max-video-preview:-1\" \/>\n<link rel=\"canonical\" href=\"https:\/\/lexpoint.es\/es\/contacto\/\" \/>\n<meta property=\"og:locale\" content=\"es_ES\" \/>\n<meta property=\"og:type\" content=\"article\" \/>\n<meta property=\"og:title\" content=\"Contacto - Lex Point Advocats\" \/>\n<meta property=\"og:description\" content=\"Inicio Estamos a su disposici\u00f3n para cualquier consulta. Escr\u00edbanos y le responderemos lo antes posible. Hablemos \u00bfQuiere saber m\u00e1s sobre Lex Point Advocats? Horario: De lunes a jueves de 08:30 a 19:00 y viernes de 08:30 a 15:00. Correo Electr\u00f3nico lex@lexpoint.es Tel\u00e9fono 618 444 497 Redes Sociales Instagram Env\u00edenos un mensaje No dude en contactar [&hellip;]\" \/>\n<meta property=\"og:url\" content=\"https:\/\/lexpoint.es\/es\/contacto\/\" \/>\n<meta property=\"og:site_name\" content=\"Lex Point Advocats\" \/>\n<meta property=\"article:modified_time\" content=\"2026-01-20T09:32:15+00:00\" \/>\n<meta name=\"twitter:card\" content=\"summary_large_image\" \/>\n<meta name=\"twitter:label1\" content=\"Tiempo de lectura\" \/>\n\t<meta name=\"twitter:data1\" content=\"1 minuto\" \/>\n<script type=\"application\/ld+json\" class=\"yoast-schema-graph\">{\"@context\":\"https:\/\/schema.org\",\"@graph\":[{\"@type\":\"WebPage\",\"@id\":\"https:\/\/lexpoint.es\/es\/contacto\/\",\"url\":\"https:\/\/lexpoint.es\/es\/contacto\/\",\"name\":\"Contacto - Lex Point Advocats\",\"isPartOf\":{\"@id\":\"https:\/\/lexpoint.es\/es\/#website\"},\"datePublished\":\"2025-03-20T12:24:29+00:00\",\"dateModified\":\"2026-01-20T09:32:15+00:00\",\"breadcrumb\":{\"@id\":\"https:\/\/lexpoint.es\/es\/contacto\/#breadcrumb\"},\"inLanguage\":\"es\",\"potentialAction\":[{\"@type\":\"ReadAction\",\"target\":[\"https:\/\/lexpoint.es\/es\/contacto\/\"]}]},{\"@type\":\"BreadcrumbList\",\"@id\":\"https:\/\/lexpoint.es\/es\/contacto\/#breadcrumb\",\"itemListElement\":[{\"@type\":\"ListItem\",\"position\":1,\"name\":\"Portada\",\"item\":\"https:\/\/lexpoint.es\/es\/\"},{\"@type\":\"ListItem\",\"position\":2,\"name\":\"Contacto\"}]},{\"@type\":\"WebSite\",\"@id\":\"https:\/\/lexpoint.es\/es\/#website\",\"url\":\"https:\/\/lexpoint.es\/es\/\",\"name\":\"Lex Point Advocats\",\"description\":\"\",\"potentialAction\":[{\"@type\":\"SearchAction\",\"target\":{\"@type\":\"EntryPoint\",\"urlTemplate\":\"https:\/\/lexpoint.es\/es\/?s={search_term_string}\"},\"query-input\":{\"@type\":\"PropertyValueSpecification\",\"valueRequired\":true,\"valueName\":\"search_term_string\"}}],\"inLanguage\":\"es\"}]}<\/script>\n<!-- \/ Yoast SEO plugin. -->","yoast_head_json":{"title":"Contacto - Lex Point Advocats","robots":{"index":"index","follow":"follow","max-snippet":"max-snippet:-1","max-image-preview":"max-image-preview:large","max-video-preview":"max-video-preview:-1"},"canonical":"https:\/\/lexpoint.es\/es\/contacto\/","og_locale":"es_ES","og_type":"article","og_title":"Contacto - Lex Point Advocats","og_description":"Inicio Estamos a su disposici\u00f3n para cualquier consulta. Escr\u00edbanos y le responderemos lo antes posible. Hablemos \u00bfQuiere saber m\u00e1s sobre Lex Point Advocats? Horario: De lunes a jueves de 08:30 a 19:00 y viernes de 08:30 a 15:00. Correo Electr\u00f3nico lex@lexpoint.es Tel\u00e9fono 618 444 497 Redes Sociales Instagram Env\u00edenos un mensaje No dude en contactar [&hellip;]","og_url":"https:\/\/lexpoint.es\/es\/contacto\/","og_site_name":"Lex Point Advocats","article_modified_time":"2026-01-20T09:32:15+00:00","twitter_card":"summary_large_image","twitter_misc":{"Tiempo de lectura":"1 minuto"},"schema":{"@context":"https:\/\/schema.org","@graph":[{"@type":"WebPage","@id":"https:\/\/lexpoint.es\/es\/contacto\/","url":"https:\/\/lexpoint.es\/es\/contacto\/","name":"Contacto - Lex Point Advocats","isPartOf":{"@id":"https:\/\/lexpoint.es\/es\/#website"},"datePublished":"2025-03-20T12:24:29+00:00","dateModified":"2026-01-20T09:32:15+00:00","breadcrumb":{"@id":"https:\/\/lexpoint.es\/es\/contacto\/#breadcrumb"},"inLanguage":"es","potentialAction":[{"@type":"ReadAction","target":["https:\/\/lexpoint.es\/es\/contacto\/"]}]},{"@type":"BreadcrumbList","@id":"https:\/\/lexpoint.es\/es\/contacto\/#breadcrumb","itemListElement":[{"@type":"ListItem","position":1,"name":"Portada","item":"https:\/\/lexpoint.es\/es\/"},{"@type":"ListItem","position":2,"name":"Contacto"}]},{"@type":"WebSite","@id":"https:\/\/lexpoint.es\/es\/#website","url":"https:\/\/lexpoint.es\/es\/","name":"Lex Point Advocats","description":"","potentialAction":[{"@type":"SearchAction","target":{"@type":"EntryPoint","urlTemplate":"https:\/\/lexpoint.es\/es\/?s={search_term_string}"},"query-input":{"@type":"PropertyValueSpecification","valueRequired":true,"valueName":"search_term_string"}}],"inLanguage":"es"}]}},"_links":{"self":[{"href":"https:\/\/lexpoint.es\/es\/wp-json\/wp\/v2\/pages\/613","targetHints":{"allow":["GET"]}}],"collection":[{"href":"https:\/\/lexpoint.es\/es\/wp-json\/wp\/v2\/pages"}],"about":[{"href":"https:\/\/lexpoint.es\/es\/wp-json\/wp\/v2\/types\/page"}],"author":[{"embeddable":true,"href":"https:\/\/lexpoint.es\/es\/wp-json\/wp\/v2\/users\/2"}],"replies":[{"embeddable":true,"href":"https:\/\/lexpoint.es\/es\/wp-json\/wp\/v2\/comments?post=613"}],"version-history":[{"count":13,"href":"https:\/\/lexpoint.es\/es\/wp-json\/wp\/v2\/pages\/613\/revisions"}],"predecessor-version":[{"id":754,"href":"https:\/\/lexpoint.es\/es\/wp-json\/wp\/v2\/pages\/613\/revisions\/754"}],"wp:attachment":[{"href":"https:\/\/lexpoint.es\/es\/wp-json\/wp\/v2\/media?parent=613"}],"curies":[{"name":"wp","href":"https:\/\/api.w.org\/{rel}","templated":true}]}}